{"id":3365,"date":"2023-08-31T08:36:42","date_gmt":"2023-08-31T06:36:42","guid":{"rendered":"http:\/\/noumallorca.com\/politica-de-privacidad\/"},"modified":"2023-10-30T09:33:27","modified_gmt":"2023-10-30T07:33:27","slug":"politica-de-privacidad","status":"publish","type":"page","link":"https:\/\/noumallorca.com\/en\/politica-de-privacidad\/","title":{"rendered":"Pol\u00edtica de privacidad"},"content":{"rendered":"<section class=\"wpb-content-wrapper\"><p>[vc_row][vc_column]<div id=\"sc_title_673712748\"\n\t\tclass=\"sc_title color_style_default sc_title_default\"><h3 class=\"sc_item_title sc_title_title sc_align_left sc_item_title_style_default\">Pol\u00edtica de Privacidad<\/h3><\/div><!-- \/.sc_title -->[vc_empty_space alter_height=&#8221;medium&#8221; hide_on_mobile=&#8221;&#8221;][\/vc_column][\/vc_row][vc_row][vc_column][vc_column_text]<span style=\"color: #000000;\">Datos del propietario de la web:<\/span>[\/vc_column_text][vc_empty_space alter_height=&#8221;medium&#8221; hide_on_mobile=&#8221;&#8221;][\/vc_column][\/vc_row][vc_row][vc_column][vc_column_text]<\/p>\n<table>\n<tbody>\n<tr>\n<td class=\"background\"><span style=\"color: #fff;\">RAZ\u00d3N SOCIAL<\/span><\/td>\n<td><span style=\"color: #000000;\">BADOM S.L.<\/span><\/td>\n<\/tr>\n<tr>\n<td class=\"background\"><span style=\"color: #fff;\">CIF<\/span><\/td>\n<td><span style=\"color: #000000;\">B57887812<\/span><\/td>\n<\/tr>\n<tr>\n<td class=\"background\"><span style=\"color: #fff;\">DIRECCI\u00d3N POSTAL<\/span><\/td>\n<td><span style=\"color: #000000;\">c\/ Rei Jaume III, 44 bajos 2 \u00ba A 07670 Portocolom -Illes Balears<\/span><\/td>\n<\/tr>\n<tr>\n<td class=\"background\"><span style=\"color: #fff;\">DIRECCI\u00d3N ELECTR\u00d3NICA<\/span><\/td>\n<td><span style=\"color: #000000;\">noumallorca@noumallorca.com<\/span><\/td>\n<\/tr>\n<tr>\n<td class=\"background\"><span style=\"color: #fff;\">TEL\u00c9FONO<\/span><\/td>\n<td><span style=\"color: #000000;\">+34 634 213 327 \/ +34 620 042 738<\/span><\/td>\n<\/tr>\n<\/tbody>\n<\/table>\n<p><span style=\"color: #000000;\"><!-- DivTable.com --><\/span>[\/vc_column_text][vc_empty_space alter_height=&#8221;medium&#8221; hide_on_mobile=&#8221;&#8221;][\/vc_column][\/vc_row][vc_row][vc_column][vc_column_text]<span style=\"color: #000000;\">La presente Pol\u00edtica de Privacidad y de conformidad con la normativa vigente y aplicable en<\/span><br \/>\n<span style=\"color: #000000;\">protecci\u00f3n de datos de car\u00e1cter personal, establece la forma en que se recopila, utiliza, mantiene y divulga la informaci\u00f3n obtenida de los usuarios (en adelante, &#8220;usted&#8221; o &#8220;el usuario&#8221;) que visitan y utilizan nuestro sitio web oficial de BADOM S.L. (en adelante, &#8220;el Sitio&#8221;).<\/span>[\/vc_column_text][vc_empty_space alter_height=&#8221;small&#8221; hide_on_mobile=&#8221;&#8221;][vc_column_text]<span style=\"color: #000000;\">Para aquellos tratamientos que lo requieran, se informa tambi\u00e9n de la posible elaboraci\u00f3n de<\/span><br \/>\n<span style=\"color: #000000;\">perfiles y decisiones automatizadas, as\u00ed como las posibles cesiones y las transferencias<\/span><br \/>\n<span style=\"color: #000000;\">internacionales que BADOM S.L. tiene previsto realizar:<\/span>[\/vc_column_text][vc_empty_space alter_height=&#8221;medium&#8221; hide_on_mobile=&#8221;&#8221;][\/vc_column][\/vc_row][vc_row][vc_column][vc_column_text]<\/p>\n<table style=\"border-collapse: collapse; border: 2px solid black; width: 100%;\">\n<tbody>\n<tr>\n<td style=\"border: 2px solid black; padding: 8px; white-space: nowrap; text-align: center;\" colspan=\"2\"><span style=\"color: #000000;\">TRATAMIENTOS REALIZADOS<\/span><\/td>\n<\/tr>\n<tr>\n<td style=\"border: 2px solid black; padding: 8px; white-space: nowrap;\"><span style=\"color: #000000;\">Gesti\u00f3n de la p\u00e1gina web<\/span><\/td>\n<td><span style=\"color: #000000;\"><b>Finalidad:<\/b> Tratamiento y gesti\u00f3n de los datos necesarios para la funcionalidad<\/span><br \/>\n<span style=\"color: #000000;\">de la p\u00e1gina web<\/span><br \/>\n<span style=\"color: #000000;\"><b>Plazo de conservaci\u00f3n:<\/b> mientras perdure el consentimiento prestado<\/span><br \/>\n<span style=\"color: #000000;\"><b>Base leg\u00edtima:<\/b> El consentimiento del interesado<\/span><br \/>\n<span style=\"color: #000000;\"><b>Tipolog\u00eda de Datos:<\/b> Datos meramente identificativos<\/span><br \/>\n<span style=\"color: #000000;\"><b>Cesiones:<\/b> No se prev\u00e9n<\/span><br \/>\n<span style=\"color: #000000;\"><b>Transferencias internacionales:<\/b> No se prev\u00e9n<\/span><br \/>\n<span style=\"color: #000000;\"><b>Elaboraciones de perfiles:<\/b> No se prev\u00e9n<\/span><\/td>\n<\/tr>\n<tr>\n<td style=\"border: 2px solid black; padding: 8px; white-space: nowrap;\"><span style=\"color: #000000;\">Gesti\u00f3n del cumplimiento normativo<\/span><\/td>\n<td><span style=\"color: #000000;\"><b>Finalidad:<\/b> Gesti\u00f3n y tramitaci\u00f3n de las obligaciones y deberes que se deriven del cumplimiento de la normativa a la cual est\u00e1 sujeta la entidad<\/span><br \/>\n<span style=\"color: #000000;\"><b>Plazo de conservaci\u00f3n:<\/b> conservaci\u00f3n de las copias de los documentos hasta que prescriban las acciones para reclamarle una posible responsabilidad<\/span><br \/>\n<span style=\"color: #000000;\"><b>Base leg\u00edtima:<\/b> El cumplimiento de una ley<\/span><br \/>\n<span style=\"color: #000000;\"><b>Tipolog\u00eda de Datos:<\/b> Datos meramente identificativos<\/span><br \/>\n<span style=\"color: #000000;\"><b>Cesiones:<\/b> Sus datos ser\u00e1n comunicados en caso de ser necesario a Organismos y\/o administraci\u00f3n p\u00fablica con competencia en la materia con la finalidad de cumplir con las obligaciones establecidas en la normativa aplicable. Adem\u00e1s, se informa que la base legitimadora de la cesi\u00f3n es cumplir con las obligaciones establecidas en la normativa aplicable<\/span><br \/>\n<span style=\"color: #000000;\"><b>Transferencias internacionales:<\/b> No se prev\u00e9<\/span><br \/>\n<span style=\"color: #000000;\"><b>Elaboraciones de perfiles:<\/b> No se prev\u00e9n<\/span><\/td>\n<\/tr>\n<\/tbody>\n<\/table>\n<p>[\/vc_column_text][vc_row_inner][vc_column_inner][vc_empty_space alter_height=&#8221;medium&#8221; hide_on_mobile=&#8221;&#8221;][\/vc_column_inner][\/vc_row_inner][\/vc_column][\/vc_row][vc_row][vc_column][vc_column_text]<span style=\"color: #000000;\">Esta pol\u00edtica se aplica a todo el contenido y los servicios ofrecidos por BADOM S.L a trav\u00e9s del Sitio.<\/span>[\/vc_column_text][vc_empty_space alter_height=&#8221;medium&#8221; hide_on_mobile=&#8221;&#8221;][\/vc_column][\/vc_row][vc_row][vc_column][vc_column_text]<strong><span style=\"color: #061778;\">1. Informaci\u00f3n que recopilamos<\/span><\/strong><\/p>\n<p><span style=\"color: #000000;\">BADOM S.L puede recopilar informaci\u00f3n personal identificable de los usuarios de diferentes maneras, incluyendo, pero no limit\u00e1ndose a:<\/span><\/p>\n<p><span style=\"color: #000000;\"><b>a.Informaci\u00f3n proporcionada voluntariamente:<\/b> Podemos recopilar informaci\u00f3n personal identificable, como su nombre, direcci\u00f3n de correo electr\u00f3nico, n\u00famero de tel\u00e9fono u otra informaci\u00f3n que usted elija proporcionarnos voluntariamente al completar formularios en el Sitio.<\/span><\/p>\n<p><span style=\"color: #000000;\"><b>b.Informaci\u00f3n recopilada autom\u00e1ticamente:<\/b> Nuestro Sitio puede recopilar informaci\u00f3n t\u00e9cnica y no personal identificable autom\u00e1ticamente cuando usted lo visita. Esta informaci\u00f3n puede incluir la direcci\u00f3n IP del dispositivo, el tipo de navegador, el proveedor de servicios de Internet (ISP), las p\u00e1ginas de referencia\/salida, el sistema operativo, la fecha y hora, y otros datos similares.<\/span>[\/vc_column_text][vc_empty_space alter_height=&#8221;medium&#8221; hide_on_mobile=&#8221;&#8221;][\/vc_column][\/vc_row][vc_row][vc_column][vc_column_text]<strong><span style=\"color: #061778;\">2. Uso de la informaci\u00f3n recopilada<\/span><\/strong><\/p>\n<p><span style=\"color: #000000;\">BADOM S.L puede utilizar la informaci\u00f3n personal identificable de los usuarios para los siguientes prop\u00f3sitos:<\/span><\/p>\n<p><span style=\"color: #000000;\"><b>a. Mejorar nuestros servicios:<\/b> La informaci\u00f3n que usted proporciona nos ayuda a<br \/>\nresponder de manera m\u00e1s efectiva a sus solicitudes de servicio y a sus necesidades individuales.<\/span><\/p>\n<p><span style=\"color: #000000;\"><b>b. Personalizar su experiencia:<\/b> Podemos utilizar la informaci\u00f3n para comprender c\u00f3mo los usuarios utilizan los servicios y los recursos proporcionados en nuestro Sitio, con el fin de mejorar su experiencia.<\/span><\/p>\n<p><span style=\"color: #000000;\"><strong>c.Enviar correos electr\u00f3nicos peri\u00f3dicos: <\/strong>Podemos utilizar la direcci\u00f3n de correo electr\u00f3nico proporcionada por los usuarios para enviar informaci\u00f3n y actualizaciones relacionadas con sus solicitudes, consultas y otros asuntos relacionados con los servicios BADOM S.L<\/span><\/p>\n<p><span style=\"color: #000000;\"><strong>d.<\/strong> Tambi\u00e9n podemos utilizarla para responder a sus preguntas, comentarios o consultas.<\/span>[\/vc_column_text][vc_empty_space alter_height=&#8221;medium&#8221; hide_on_mobile=&#8221;&#8221;][\/vc_column][\/vc_row][vc_row][vc_column][vc_column_text]<strong><span style=\"color: #061778;\">3. Protecci\u00f3n de la informaci\u00f3n<\/span><\/strong><\/p>\n<p><span style=\"color: #000000;\">BADOM S.L adopta las medidas de seguridad adecuadas para proteger la informaci\u00f3n personal identificable de los usuarios contra el acceso no autorizado, la alteraci\u00f3n, la divulgaci\u00f3n o la destrucci\u00f3n.<\/span>[\/vc_column_text][vc_empty_space alter_height=&#8221;medium&#8221; hide_on_mobile=&#8221;&#8221;][\/vc_column][\/vc_row][vc_row][vc_column][vc_column_text]<strong><span style=\"color: #061778;\">4. Divulgaci\u00f3n de informaci\u00f3n a terceros<\/span><\/strong><\/p>\n<p><span style=\"color: #000000;\">BADOM S.L no vender\u00e1, intercambiar\u00e1 ni alquilar\u00e1 la informaci\u00f3n personal identificable de los usuarios a terceros. Sin embargo, podemos compartir informaci\u00f3n demogr\u00e1fica agregada y no personal identificable con socios confiables para los fines mencionados anteriormente. Tambi\u00e9n podemos divulgar informaci\u00f3n personal identificable en respuesta a una orden judicial u otra solicitud legal v\u00e1lida, o si creemos de buena fe que dicha divulgaci\u00f3n es necesaria para cumplir con la ley o proteger los derechos, la propiedad o la seguridad del BADOM S.L sus empleados o el p\u00fablico en general.<\/span>[\/vc_column_text][vc_empty_space alter_height=&#8221;medium&#8221; hide_on_mobile=&#8221;&#8221;][\/vc_column][\/vc_row][vc_row][vc_column][vc_column_text]<strong><span style=\"color: #061778;\">5. Cambios en esta pol\u00edtica de privacidad<\/span><\/strong><\/p>\n<p><span style=\"color: #000000;\">BADOM S.L se reserva el derecho de actualizar esta Pol\u00edtica de Privacidad en cualquier momento. Al utilizar el Sitio, usted acepta y acuerda que es su responsabilidad revisar peri\u00f3dicamente esta pol\u00edtica y estar al tanto de las modificaciones.<\/span>[\/vc_column_text][vc_empty_space alter_height=&#8221;medium&#8221; hide_on_mobile=&#8221;&#8221;][\/vc_column][\/vc_row][vc_row][vc_column][vc_column_text]<strong><span style=\"color: #061778;\">6. Aceptaci\u00f3n de los t\u00e9rminos<\/span><\/strong><\/p>\n<p><span style=\"color: #000000;\">Al utilizar nuestro Sitio, usted indica su aceptaci\u00f3n de esta Pol\u00edtica de Privacidad. Si no est\u00e1 de acuerdo con esta pol\u00edtica, le recomendamos que no utilice nuestro Sitio. Su uso continuado del Sitio despu\u00e9s de la publicaci\u00f3n de cambios en esta pol\u00edtica se considerar\u00e1 como su aceptaci\u00f3n de dichos cambios. <\/span>Si tiene alguna pregunta sobre esta Pol\u00edtica de Privacidad o sus pr\u00e1cticas, por favor cont\u00e1ctenos a trav\u00e9s de los canales de comunicaci\u00f3n proporcionados en el Sitio.[\/vc_column_text][vc_empty_space alter_height=&#8221;medium&#8221; hide_on_mobile=&#8221;&#8221;][\/vc_column][\/vc_row][vc_row][vc_column][vc_column_text]<strong><span style=\"color: #061778;\">7. Derechos de los interesados<\/span><\/strong><\/p>\n<p><span style=\"color: #000000;\">BADOM S.L informa a los Usuarios que, podr\u00e1 ejercer los derechos de acceso, rectificaci\u00f3n, limitaci\u00f3n, supresi\u00f3n, portabilidad y oposici\u00f3n al tratamiento de sus datos de car\u00e1cter personal ante el responsable del Tratamiento, as\u00ed como a la retirada del consentimiento prestado.<\/span><\/p>\n<ul>\n<li><span style=\"color: #000000;\"><strong>Derecho de Acceso:<\/strong> Es el derecho del usuario a obtener informaci\u00f3n sobre sus datos concretos de car\u00e1cter personal y del tratamiento que se haya realizado o realice, as\u00ed como de la informaci\u00f3n disponible sobre el origen de dichos datos y las comunicaciones realizadas o previstas de los mismos.<\/span><\/li>\n<li><span style=\"color: #000000;\"><strong>Derecho de Rectificaci\u00f3n:<\/strong> Es el derecho del afectado a que se modifiquen los datos que resulten ser inexactos o incompletos. S\u00f3lo podr\u00e1 satisfacerse en relaci\u00f3n a aquella informaci\u00f3n que se encuentre bajo el control de la APP, por ejemplo, eliminar comentarios publicados en la propia p\u00e1gina, im\u00e1genes o contenidos web donde consten datos de car\u00e1cter personal del usuario.<\/span><\/li>\n<li><span style=\"color: #000000;\"><strong>Derecho a la Limitaci\u00f3n de tratamiento:<\/strong> Es el derecho a que se limiten los fines del tratamiento previstos de forma original por el responsable del tratamiento.<\/span><\/li>\n<li><span style=\"color: #000000;\"><strong>Derecho de Supresi\u00f3n:<\/strong> Es el derecho a suprimir los datos de car\u00e1cter personal del usuario, a excepci\u00f3n de lo previsto en el propio RGPD o en otras normativas aplicables que determinen la obligatoriedad de la conservaci\u00f3n de los mismos, en tiempo y forma.<\/span><\/li>\n<li><span style=\"color: #000000;\"><strong>Derecho de portabilidad:<\/strong> El derecho a recibir los datos personales que el usuario, haya facilitado, en un formato estructurado, de uso com\u00fan y lectura mec\u00e1nica, y a transmitirlos a otro responsable.<\/span><\/li>\n<li><span style=\"color: #000000;\"><strong>Derecho de Oposici\u00f3n: <\/strong>Es el derecho del usuario a que no se lleve a cabo el tratamiento de sus datos de car\u00e1cter personal o se cese el tratamiento de los mismos por parte de la APP.<\/span><\/li>\n<\/ul>\n<p>[\/vc_column_text][\/vc_column][\/vc_row]<\/p>\n<\/section>","protected":false},"excerpt":{"rendered":"<p>[vc_row][vc_column][vc_empty_space alter_height=&#8221;medium&#8221; hide_on_mobile=&#8221;&#8221;][\/vc_column][\/vc_row][vc_row][vc_column][vc_column_text]Datos del propietario de la web:[\/vc_column_text][vc_empty_space alter_height=&#8221;medium&#8221; hide_on_mobile=&#8221;&#8221;][\/vc_column][\/vc_row][vc_row][vc_column][vc_column_text] RAZ\u00d3N SOCIAL BADOM S.L. CIF B57887812 DIRECCI\u00d3N POSTAL c\/ Rei Jaume III, 44 bajos 2 \u00ba A 07670 Portocolom -Illes Balears DIRECCI\u00d3N ELECTR\u00d3NICA noumallorca@noumallorca.com TEL\u00c9FONO +34 634 213 327 \/ +34 620 042 738 [\/vc_column_text][vc_empty_space alter_height=&#8221;medium&#8221; hide_on_mobile=&#8221;&#8221;][\/vc_column][\/vc_row][vc_row][vc_column][vc_column_text]La presente Pol\u00edtica de Privacidad y de conformidad con la normativa vigente y aplicable&hellip;<\/p>\n","protected":false},"author":1,"featured_media":0,"parent":0,"menu_order":0,"comment_status":"closed","ping_status":"closed","template":"","meta":{"footnotes":""},"class_list":["post-3365","page","type-page","status-publish","hentry"],"yoast_head":"<!-- This site is optimized with the Yoast SEO plugin v20.13 - https:\/\/yoast.com\/wordpress\/plugins\/seo\/ -->\n<title>Pol\u00edtica de privacidad | Nou Mallorca<\/title>\n<meta name=\"description\" content=\"Pocos lugares destilan la elegancia, la calma y la sencillez de Mallorca. Mimada y custodiada por las olas del Mediterr\u00e1neo, Mallorca posee esa magia que atrapa sin remedio, envolvi\u00e9ndonos con su brisa y acarici\u00e1ndonos con esa luz tan maravillosa que la ha convertido en uno de los destinos favoritos del turismo internacional.\" \/>\n<meta name=\"robots\" content=\"index, follow, max-snippet:-1, max-image-preview:large, max-video-preview:-1\" \/>\n<link rel=\"canonical\" href=\"https:\/\/noumallorca.com\/en\/politica-de-privacidad\/\" \/>\n<meta property=\"og:locale\" content=\"en_US\" \/>\n<meta property=\"og:type\" content=\"article\" \/>\n<meta property=\"og:title\" content=\"Pol\u00edtica de privacidad | Nou Mallorca\" \/>\n<meta property=\"og:description\" content=\"Pocos lugares destilan la elegancia, la calma y la sencillez de Mallorca. Mimada y custodiada por las olas del Mediterr\u00e1neo, Mallorca posee esa magia que atrapa sin remedio, envolvi\u00e9ndonos con su brisa y acarici\u00e1ndonos con esa luz tan maravillosa que la ha convertido en uno de los destinos favoritos del turismo internacional.\" \/>\n<meta property=\"og:url\" content=\"https:\/\/noumallorca.com\/en\/politica-de-privacidad\/\" \/>\n<meta property=\"og:site_name\" content=\"Nou Mallorca\" \/>\n<meta property=\"article:modified_time\" content=\"2023-10-30T07:33:27+00:00\" \/>\n<meta property=\"og:image\" content=\"https:\/\/noumallorca.com\/wp-content\/uploads\/2023\/04\/Nou-Mallorca-net_ok.jpg\" \/>\n\t<meta property=\"og:image:width\" content=\"116\" \/>\n\t<meta property=\"og:image:height\" content=\"38\" \/>\n\t<meta property=\"og:image:type\" content=\"image\/jpeg\" \/>\n<meta name=\"twitter:card\" content=\"summary_large_image\" \/>\n<meta name=\"twitter:label1\" content=\"Est. reading time\" \/>\n\t<meta name=\"twitter:data1\" content=\"6 minutes\" \/>\n<script type=\"application\/ld+json\" class=\"yoast-schema-graph\">{\"@context\":\"https:\/\/schema.org\",\"@graph\":[{\"@type\":\"WebPage\",\"@id\":\"https:\/\/noumallorca.com\/en\/politica-de-privacidad\/\",\"url\":\"https:\/\/noumallorca.com\/en\/politica-de-privacidad\/\",\"name\":\"Pol\u00edtica de privacidad | Nou Mallorca\",\"isPartOf\":{\"@id\":\"https:\/\/noumallorca.com\/#website\"},\"datePublished\":\"2023-08-31T06:36:42+00:00\",\"dateModified\":\"2023-10-30T07:33:27+00:00\",\"description\":\"Pocos lugares destilan la elegancia, la calma y la sencillez de Mallorca. Mimada y custodiada por las olas del Mediterr\u00e1neo, Mallorca posee esa magia que atrapa sin remedio, envolvi\u00e9ndonos con su brisa y acarici\u00e1ndonos con esa luz tan maravillosa que la ha convertido en uno de los destinos favoritos del turismo internacional.\",\"breadcrumb\":{\"@id\":\"https:\/\/noumallorca.com\/en\/politica-de-privacidad\/#breadcrumb\"},\"inLanguage\":\"en-US\",\"potentialAction\":[{\"@type\":\"ReadAction\",\"target\":[\"https:\/\/noumallorca.com\/en\/politica-de-privacidad\/\"]}]},{\"@type\":\"BreadcrumbList\",\"@id\":\"https:\/\/noumallorca.com\/en\/politica-de-privacidad\/#breadcrumb\",\"itemListElement\":[{\"@type\":\"ListItem\",\"position\":1,\"name\":\"Portada\",\"item\":\"https:\/\/noumallorca.com\/en\/\"},{\"@type\":\"ListItem\",\"position\":2,\"name\":\"Pol\u00edtica de privacidad\"}]},{\"@type\":\"WebSite\",\"@id\":\"https:\/\/noumallorca.com\/#website\",\"url\":\"https:\/\/noumallorca.com\/\",\"name\":\"Nou Mallorca\",\"description\":\"Nou Mallorca\",\"publisher\":{\"@id\":\"https:\/\/noumallorca.com\/#organization\"},\"alternateName\":\"Nou Mallorca\",\"potentialAction\":[{\"@type\":\"SearchAction\",\"target\":{\"@type\":\"EntryPoint\",\"urlTemplate\":\"https:\/\/noumallorca.com\/?s={search_term_string}\"},\"query-input\":\"required name=search_term_string\"}],\"inLanguage\":\"en-US\"},{\"@type\":\"Organization\",\"@id\":\"https:\/\/noumallorca.com\/#organization\",\"name\":\"Nou Mallorca\",\"alternateName\":\"Nou Mallorca\",\"url\":\"https:\/\/noumallorca.com\/\",\"logo\":{\"@type\":\"ImageObject\",\"inLanguage\":\"en-US\",\"@id\":\"https:\/\/noumallorca.com\/#\/schema\/logo\/image\/\",\"url\":\"http:\/\/noumallorca.com\/wp-content\/uploads\/2023\/04\/Nou-Mallorca-net_ok-favicon.png\",\"contentUrl\":\"http:\/\/noumallorca.com\/wp-content\/uploads\/2023\/04\/Nou-Mallorca-net_ok-favicon.png\",\"width\":505,\"height\":248,\"caption\":\"Nou Mallorca\"},\"image\":{\"@id\":\"https:\/\/noumallorca.com\/#\/schema\/logo\/image\/\"}}]}<\/script>\n<!-- \/ Yoast SEO plugin. -->","yoast_head_json":{"title":"Pol\u00edtica de privacidad | Nou Mallorca","description":"Pocos lugares destilan la elegancia, la calma y la sencillez de Mallorca. Mimada y custodiada por las olas del Mediterr\u00e1neo, Mallorca posee esa magia que atrapa sin remedio, envolvi\u00e9ndonos con su brisa y acarici\u00e1ndonos con esa luz tan maravillosa que la ha convertido en uno de los destinos favoritos del turismo internacional.","robots":{"index":"index","follow":"follow","max-snippet":"max-snippet:-1","max-image-preview":"max-image-preview:large","max-video-preview":"max-video-preview:-1"},"canonical":"https:\/\/noumallorca.com\/en\/politica-de-privacidad\/","og_locale":"en_US","og_type":"article","og_title":"Pol\u00edtica de privacidad | Nou Mallorca","og_description":"Pocos lugares destilan la elegancia, la calma y la sencillez de Mallorca. Mimada y custodiada por las olas del Mediterr\u00e1neo, Mallorca posee esa magia que atrapa sin remedio, envolvi\u00e9ndonos con su brisa y acarici\u00e1ndonos con esa luz tan maravillosa que la ha convertido en uno de los destinos favoritos del turismo internacional.","og_url":"https:\/\/noumallorca.com\/en\/politica-de-privacidad\/","og_site_name":"Nou Mallorca","article_modified_time":"2023-10-30T07:33:27+00:00","og_image":[{"width":116,"height":38,"url":"https:\/\/noumallorca.com\/wp-content\/uploads\/2023\/04\/Nou-Mallorca-net_ok.jpg","type":"image\/jpeg"}],"twitter_card":"summary_large_image","twitter_misc":{"Est. reading time":"6 minutes"},"schema":{"@context":"https:\/\/schema.org","@graph":[{"@type":"WebPage","@id":"https:\/\/noumallorca.com\/en\/politica-de-privacidad\/","url":"https:\/\/noumallorca.com\/en\/politica-de-privacidad\/","name":"Pol\u00edtica de privacidad | Nou Mallorca","isPartOf":{"@id":"https:\/\/noumallorca.com\/#website"},"datePublished":"2023-08-31T06:36:42+00:00","dateModified":"2023-10-30T07:33:27+00:00","description":"Pocos lugares destilan la elegancia, la calma y la sencillez de Mallorca. Mimada y custodiada por las olas del Mediterr\u00e1neo, Mallorca posee esa magia que atrapa sin remedio, envolvi\u00e9ndonos con su brisa y acarici\u00e1ndonos con esa luz tan maravillosa que la ha convertido en uno de los destinos favoritos del turismo internacional.","breadcrumb":{"@id":"https:\/\/noumallorca.com\/en\/politica-de-privacidad\/#breadcrumb"},"inLanguage":"en-US","potentialAction":[{"@type":"ReadAction","target":["https:\/\/noumallorca.com\/en\/politica-de-privacidad\/"]}]},{"@type":"BreadcrumbList","@id":"https:\/\/noumallorca.com\/en\/politica-de-privacidad\/#breadcrumb","itemListElement":[{"@type":"ListItem","position":1,"name":"Portada","item":"https:\/\/noumallorca.com\/en\/"},{"@type":"ListItem","position":2,"name":"Pol\u00edtica de privacidad"}]},{"@type":"WebSite","@id":"https:\/\/noumallorca.com\/#website","url":"https:\/\/noumallorca.com\/","name":"Nou Mallorca","description":"Nou Mallorca","publisher":{"@id":"https:\/\/noumallorca.com\/#organization"},"alternateName":"Nou Mallorca","potentialAction":[{"@type":"SearchAction","target":{"@type":"EntryPoint","urlTemplate":"https:\/\/noumallorca.com\/?s={search_term_string}"},"query-input":"required name=search_term_string"}],"inLanguage":"en-US"},{"@type":"Organization","@id":"https:\/\/noumallorca.com\/#organization","name":"Nou Mallorca","alternateName":"Nou Mallorca","url":"https:\/\/noumallorca.com\/","logo":{"@type":"ImageObject","inLanguage":"en-US","@id":"https:\/\/noumallorca.com\/#\/schema\/logo\/image\/","url":"http:\/\/noumallorca.com\/wp-content\/uploads\/2023\/04\/Nou-Mallorca-net_ok-favicon.png","contentUrl":"http:\/\/noumallorca.com\/wp-content\/uploads\/2023\/04\/Nou-Mallorca-net_ok-favicon.png","width":505,"height":248,"caption":"Nou Mallorca"},"image":{"@id":"https:\/\/noumallorca.com\/#\/schema\/logo\/image\/"}}]}},"_links":{"self":[{"href":"https:\/\/noumallorca.com\/en\/wp-json\/wp\/v2\/pages\/3365","targetHints":{"allow":["GET"]}}],"collection":[{"href":"https:\/\/noumallorca.com\/en\/wp-json\/wp\/v2\/pages"}],"about":[{"href":"https:\/\/noumallorca.com\/en\/wp-json\/wp\/v2\/types\/page"}],"author":[{"embeddable":true,"href":"https:\/\/noumallorca.com\/en\/wp-json\/wp\/v2\/users\/1"}],"replies":[{"embeddable":true,"href":"https:\/\/noumallorca.com\/en\/wp-json\/wp\/v2\/comments?post=3365"}],"version-history":[{"count":1,"href":"https:\/\/noumallorca.com\/en\/wp-json\/wp\/v2\/pages\/3365\/revisions"}],"predecessor-version":[{"id":3606,"href":"https:\/\/noumallorca.com\/en\/wp-json\/wp\/v2\/pages\/3365\/revisions\/3606"}],"wp:attachment":[{"href":"https:\/\/noumallorca.com\/en\/wp-json\/wp\/v2\/media?parent=3365"}],"curies":[{"name":"wp","href":"https:\/\/api.w.org\/{rel}","templated":true}]}}