{"id":3363,"date":"2023-08-31T09:53:53","date_gmt":"2023-08-31T07:53:53","guid":{"rendered":"http:\/\/noumallorca.com\/politica-de-cookies\/"},"modified":"2023-10-30T09:38:01","modified_gmt":"2023-10-30T07:38:01","slug":"politica-de-cookies","status":"publish","type":"page","link":"https:\/\/noumallorca.com\/en\/politica-de-cookies\/","title":{"rendered":"Pol\u00edtica de Cookies"},"content":{"rendered":"<section class=\"wpb-content-wrapper\"><p>[vc_row][vc_column]<div id=\"sc_title_1225384755\"\n\t\tclass=\"sc_title color_style_default sc_title_default\"><h3 class=\"sc_item_title sc_title_title sc_align_left sc_item_title_style_default\">POL\u00cdTICA DE COOKIES<\/h3><\/div><!-- \/.sc_title -->[vc_empty_space alter_height=&#8221;medium&#8221; hide_on_mobile=&#8221;&#8221;][\/vc_column][\/vc_row][vc_row][vc_column][vc_column_text]<span style=\"color: #000000;\">Esta Pol\u00edtica de Cookies describe c\u00f3mo BADOM S.L utiliza cookies y tecnolog\u00edas similares en su sitio web oficial <a style=\"color: #000000;\" href=\"http:\/\/noumallorca.com\/\">http:\/\/noumallorca.com\/<\/a><\/span><\/p>\n<p><span style=\"color: #000000;\">Conforme a lo dispuesto en el art\u00edculo 22.2 de la Ley 34\/2002, de 11 de julio, de Servicios de la Sociedad de la Informaci\u00f3n y de Comercio Electr\u00f3nico (LSSI-CE) vigente BADOM S.L debe <\/span><span style=\"color: #000000;\">cumplir con la obligaci\u00f3n de informar sobre las cookies que utiliza y sus finalidades<\/span>[\/vc_column_text][vc_empty_space alter_height=&#8221;medium&#8221; hide_on_mobile=&#8221;&#8221;][\/vc_column][\/vc_row][vc_row][vc_column][vc_column_text]<span style=\"color: #061778;\"><strong>\u00bfQu\u00e9 son las cookies?<\/strong><\/span><\/p>\n<p><span style=\"color: #000000;\">Las cookies son peque\u00f1os archivos de texto que se almacenan en su dispositivo cuando visita un sitio web. Estas cookies contienen informaci\u00f3n que se utiliza para mejorar su experiencia de navegaci\u00f3n y para proporcionarle servicios personalizados.<\/span><\/p>\n<p><span style=\"color: #000000;\">Las cookies pueden ser temporales (se eliminan autom\u00e1ticamente cuando cierra su navegador) o persistentes (permanecen en su dispositivo durante un per\u00edodo de tiempo determinado).<\/span>[\/vc_column_text][vc_empty_space alter_height=&#8221;medium&#8221; hide_on_mobile=&#8221;&#8221;][\/vc_column][\/vc_row][vc_row][vc_column][vc_column_text]<span style=\"color: #061778;\"><strong>\u00bfC\u00f3mo utilizamos las cookies?<\/strong><\/span><\/p>\n<p><span style=\"color: #000000;\">BADOM S.L utiliza cookies con el fin de:<\/span><\/p>\n<ol>\n<li><span style=\"color: #000000;\"><strong>1. Mejorar la funcionalidad del sitio web:<\/strong> Las cookies nos permiten recordar sus<\/span><br \/>\n<span style=\"color: #000000;\">preferencias y ajustes, como el idioma preferido, para que no tenga que configurarlos cada vez que visite nuestro sitio web.<\/span><\/li>\n<li><span style=\"color: #000000;\"><strong>2. Analizar el uso del sitio web:<\/strong> Utilizamos cookies para recopilar informaci\u00f3n sobre c\u00f3mo los visitantes interact\u00faan con nuestro sitio web. Esto incluye datos como el n\u00famero de visitantes, las p\u00e1ginas visitadas y el tiempo de permanencia en el sitio. Estos datos nos ayudan a mejorar la estructura y el contenido del sitio web.<\/span><\/li>\n<li><span style=\"color: #000000;\"><strong>3. Personalizar la experiencia del usuario:<\/strong> Las cookies nos permiten ofrecer contenido y publicidad personalizados en funci\u00f3n de sus intereses y comportamiento de navegaci\u00f3n<\/span><\/li>\n<li><span style=\"color: #000000;\"><strong>4. Garantizar la seguridad:<\/strong> Utilizamos cookies para ayudar a detectar y prevenir<\/span><br \/>\n<span style=\"color: #000000;\">actividades fraudulentas o maliciosas en nuestro sitio web.<\/span><\/li>\n<\/ol>\n<p>[\/vc_column_text][vc_empty_space alter_height=&#8221;medium&#8221; hide_on_mobile=&#8221;&#8221;][\/vc_column][\/vc_row][vc_row][vc_column][vc_column_text]<span style=\"color: #061778;\"><strong>\u00bfQu\u00e9 tipos de cookies utilizamos?<\/strong><\/span><\/p>\n<p><span style=\"color: #000000;\"><strong>1. Cookies esenciales:<\/strong> Estas cookies son necesarias para el funcionamiento b\u00e1sico del sitio web y le permiten navegar por el mismo y utilizar sus funciones. Sin estas cookies, no podr\u00edamos proporcionarle ciertos servicios y funciones.<\/span><\/p>\n<p><span style=\"color: #000000;\"><strong>2. Cookies de rendimiento:<\/strong> Estas cookies recopilan informaci\u00f3n sobre c\u00f3mo los visitantes utilizan nuestro sitio web, como las p\u00e1ginas que visitan con mayor frecuencia y los errores<\/span><br \/>\n<span style=\"color: #000000;\">que pueden encontrar. Utilizamos esta informaci\u00f3n para mejorar la funcionalidad y el rendimiento del sitio.<\/span><\/p>\n<p><span style=\"color: #000000;\"><strong>3. Cookies de funcionalidad:<\/strong> Estas cookies permiten que el sitio web recuerde las <\/span><span style=\"color: #000000;\">opciones que ha elegido, como el idioma preferido, y proporciona caracter\u00edsticas <\/span><span style=\"color: #000000;\">personalizadas. Tambi\u00e9n pueden utilizarse para proporcionarle servicios solicitados, <\/span><span style=\"color: #000000;\">como ver un video o comentar en un blog<\/span><\/p>\n<p><strong>4. Cookies publicitarias:<\/strong> <span style=\"color: #000000;\">Permiten al editor incluir en la p\u00e1gina web espacios publicitarios, seg\u00fan el contenido de la propia web.<\/span>[\/vc_column_text][vc_empty_space alter_height=&#8221;medium&#8221; hide_on_mobile=&#8221;&#8221;][\/vc_column][\/vc_row][vc_row][vc_column][vc_column_text]<\/p>\n<table style=\"border-collapse: collapse; border: 2px solid black; width: 100%;\">\n<tbody>\n<tr style=\"height: 23px;\">\n<td style=\"background-color: #444242; color: #fff; height: 23px; text-align: center;\" colspan=\"6\">COOKIES DE PUBLICIDAD<\/td>\n<\/tr>\n<tr style=\"height: 23px;\">\n<td style=\"background-color: #615f5f; color: #fff; height: 23px; border: 2px solid black;\">CLAVE DE COOKIE<\/td>\n<td style=\"background-color: #615f5f; color: #fff; height: 23px; border: 2px solid black;\">DOMINIO<\/td>\n<td style=\"background-color: #615f5f; color: #fff; height: 23px; border: 2px solid black;\">CAMINO<\/td>\n<td style=\"background-color: #615f5f; color: #fff; height: 23px; border: 2px solid black;\">TIPO DE COOKIE<\/td>\n<td style=\"background-color: #615f5f; color: #fff; height: 23px; border: 2px solid black;\">VENCIMIENTO<\/td>\n<td style=\"background-color: #615f5f; color: #fff; height: 23px; border: 2px solid black;\">DESCRIPCI\u00d3N<\/td>\n<\/tr>\n<tr style=\"height: 23.5px;\">\n<td style=\"height: 23.5px; border: 2px solid black;\">YSC<\/td>\n<td style=\"height: 23.5px; border: 2px solid black;\">.youtube.com<\/td>\n<td style=\"height: 23.5px; border: 2px solid black;\">\/<\/td>\n<td style=\"height: 23.5px; border: 2px solid black;\">Tercero<\/td>\n<td style=\"height: 23.5px; border: 2px solid black;\">Sesi\u00f3n<\/td>\n<td style=\"color: black; height: 23.5px; border: 2px solid black;\">YOUTUBE establece esta cookie para realizar<br \/>\nun seguimiento de las visualizaciones<br \/>\nde v\u00eddeos insertados<\/td>\n<\/tr>\n<tr style=\"height: 23px;\">\n<td style=\"height: 23px; border: 2px solid black;\">VISITOR_INFO1<br \/>\n_LIVE<\/td>\n<td style=\"height: 23px; border: 2px solid black;\">.youtube.com<\/td>\n<td style=\"height: 23px; border: 2px solid black;\">\/<\/td>\n<td style=\"height: 23px; border: 2px solid black;\">Tercero<\/td>\n<td style=\"height: 23px; border: 2px solid black;\">Sesi\u00f3n<\/td>\n<td style=\"color: black; height: 23px; border: 2px solid black;\">Youtube establece esta cookie para realizar<br \/>\nun seguimiento de las preferencias del<br \/>\nusuario para los v\u00eddeos de Youtube<br \/>\ninsertados en los sitios.<br \/>\nTambi\u00e9n puede determinar si el visitante del<br \/>\nsitio web est\u00e1 utilizando la versi\u00f3n nueva o<br \/>\nantigua de la interfaz de YouTube.<\/td>\n<\/tr>\n<\/tbody>\n<\/table>\n<p>[\/vc_column_text][vc_empty_space alter_height=&#8221;medium&#8221; hide_on_mobile=&#8221;&#8221;][\/vc_column][\/vc_row][vc_row][vc_column][vc_column_text]<\/p>\n<table>\n<tbody>\n<tr style=\"height: 23px;\">\n<td style=\"background-color: #444242; color: #fff; height: 23px; text-align: center;\" colspan=\"6\">COOKIES DE FUNCIONALIDAD<\/td>\n<\/tr>\n<tr style=\"height: 23px;\">\n<td style=\"background-color: #615f5f; color: #fff; height: 23px;\">CLAVE DE COOKIE<\/td>\n<td style=\"background-color: #615f5f; color: #fff; height: 23px;\">DOMINIO<\/td>\n<td style=\"background-color: #615f5f; color: #fff; height: 23px;\">CAMINO<\/td>\n<td style=\"background-color: #615f5f; color: #fff; height: 23px;\">TIPO DE COOKIE<\/td>\n<td style=\"background-color: #615f5f; color: #fff; height: 23px;\">VENCIMIENTO<\/td>\n<td style=\"background-color: #615f5f; color: #fff; height: 23px;\">DESCRIPCI\u00d3N<\/td>\n<\/tr>\n<tr style=\"height: 23.5px;\">\n<td style=\"height: 23.5px;\">wp-wpml_current_language<\/td>\n<td style=\"height: 23.5px;\">noumallorca.indigenasdigitales.com\/<\/td>\n<td style=\"height: 23.5px;\">\/<\/td>\n<td style=\"height: 23.5px;\">Primero<\/td>\n<td style=\"height: 23.5px;\">Sesi\u00f3n<\/td>\n<td style=\"color: black; height: 23.5px;\">Almacena el idioma actual. De formapredeterminada, esta cookie est\u00e1 configurada solo para usuarios registrados. Si habilita la cookie de idioma para admitir el filtrado AJAX, esta cookie tambi\u00e9n se establecer\u00e1 para los usuarios que no hayan iniciado sesi\u00f3n.<\/td>\n<\/tr>\n<\/tbody>\n<\/table>\n<p>[\/vc_column_text][vc_empty_space alter_height=&#8221;medium&#8221; hide_on_mobile=&#8221;&#8221;][\/vc_column][\/vc_row][vc_row][vc_column][vc_column_text]<\/p>\n<table>\n<tbody>\n<tr style=\"height: 23px;\">\n<td style=\"background-color: #444242; color: #fff; height: 23px; text-align: center;\" colspan=\"6\">COOKIES DE CLASIFICAR<\/td>\n<\/tr>\n<tr style=\"height: 23px;\">\n<td style=\"background-color: #615f5f; color: #fff; height: 23px;\">CLAVE DE COOKIE<\/td>\n<td style=\"background-color: #615f5f; color: #fff; height: 23px;\">DOMINIO<\/td>\n<td style=\"background-color: #615f5f; color: #fff; height: 23px;\">CAMINO<\/td>\n<td style=\"background-color: #615f5f; color: #fff; height: 23px;\">TIPO DE&lt;COOKIE<\/td>\n<td style=\"background-color: #615f5f; color: #fff; height: 23px;\">VENCIMIENTO<\/td>\n<td style=\"background-color: #615f5f; color: #fff; height: 23px;\">DESCRIPCI\u00d3N<\/td>\n<\/tr>\n<tr style=\"height: 23.5px;\">\n<td style=\"height: 23.5px;\">Trx_addons_is_retina<\/td>\n<td style=\"height: 23.5px;\">noumallorca.indigenasdigitales.com\/<\/td>\n<td style=\"height: 23.5px;\">\/<\/td>\n<td style=\"height: 23.5px;\">Primero<\/td>\n<td style=\"height: 23.5px;\">1 a\u00f1o<\/td>\n<td style=\"height: 23.5px;\"><\/td>\n<\/tr>\n<\/tbody>\n<\/table>\n<p>[\/vc_column_text][vc_empty_space alter_height=&#8221;medium&#8221; hide_on_mobile=&#8221;&#8221;][\/vc_column][\/vc_row][vc_row][vc_column][vc_column_text]<strong><span style=\"color: #061778;\">\u00bfC\u00f3mo puede gestionar las cookies?<\/span><\/strong><\/p>\n<p><span style=\"color: #000000;\">Puede administrar las cookies a trav\u00e9s de la configuraci\u00f3n de su navegador. La mayor\u00eda de los navegadores le permiten controlar las cookies, incluyendo la aceptaci\u00f3n, el rechazo y la eliminaci\u00f3n de las mismas.<\/span><\/p>\n<p><span style=\"color: #000000;\">Sin embargo, tenga en cuenta que si deshabilita las cookies, es posible que algunas funciones de nuestro sitio web no est\u00e9n disponibles o no funcionen correctamente.<\/span><\/p>\n<p><span style=\"color: #000000;\"> El usuario tambi\u00e9n puede modificar la configuraci\u00f3n personalizada <strong>AQU\u00cd.<\/strong><\/span>[\/vc_column_text][vc_empty_space alter_height=&#8221;medium&#8221; hide_on_mobile=&#8221;&#8221;][\/vc_column][\/vc_row][vc_row][vc_column][vc_column_text]<strong><span style=\"color: #061778;\">Enlaces a otros sitios web<\/span><\/strong><\/p>\n<p><span style=\"color: #000000;\">Nuestro sitio web puede contener enlaces a otros sitios web que est\u00e1n fuera de nuestro control y no est\u00e1n cubiertos por esta Pol\u00edtica de Cookies. Le recomendamos que revise las pol\u00edticas de cookies de dichos sitios web antes de proporcionarles cualquier informaci\u00f3n personal<\/span>[\/vc_column_text][vc_empty_space alter_height=&#8221;medium&#8221; hide_on_mobile=&#8221;&#8221;][\/vc_column][\/vc_row][vc_row][vc_column][vc_column_text]<strong><span style=\"color: #061778;\">Actualizaciones de la Pol\u00edtica de Cookies<\/span><\/strong><\/p>\n<p><span style=\"color: #000000;\">Nos reservamos el derecho de actualizar o modificar esta Pol\u00edtica de Cookies en cualquier momento. Cualquier cambio se publicar\u00e1 en esta p\u00e1gina con una fecha actualizada. Le recomendamos que consulte peri\u00f3dicamente esta Pol\u00edtica de Cookies para estar informado sobre cualquier cambio.<\/span>[\/vc_column_text][vc_empty_space alter_height=&#8221;medium&#8221; hide_on_mobile=&#8221;&#8221;][\/vc_column][\/vc_row][vc_row][vc_column][vc_column_text]<strong><span style=\"color: #061778;\">Contacto<\/span><\/strong><\/p>\n<p><span style=\"color: #000000;\">Si tiene alguna pregunta o inquietud acerca de nuestra Pol\u00edtica de Cookies, puede ponerse en contacto con nosotros a trav\u00e9s de <a href=\"mailto:noumallorca@noumallorca.com\">noumallorca@noumallorca.com<\/a><\/span>[\/vc_column_text][\/vc_column][\/vc_row]<\/p>\n<\/section>","protected":false},"excerpt":{"rendered":"<p>[vc_row][vc_column][vc_empty_space alter_height=&#8221;medium&#8221; hide_on_mobile=&#8221;&#8221;][\/vc_column][\/vc_row][vc_row][vc_column][vc_column_text]Esta Pol\u00edtica de Cookies describe c\u00f3mo BADOM S.L utiliza cookies y tecnolog\u00edas similares en su sitio web oficial http:\/\/noumallorca.com\/ Conforme a lo dispuesto en el art\u00edculo 22.2 de la Ley 34\/2002, de 11 de julio, de Servicios de la Sociedad de la Informaci\u00f3n y de Comercio Electr\u00f3nico (LSSI-CE) vigente BADOM S.L debe cumplir con la obligaci\u00f3n de informar&hellip;<\/p>\n","protected":false},"author":1,"featured_media":0,"parent":0,"menu_order":0,"comment_status":"closed","ping_status":"closed","template":"","meta":{"footnotes":""},"class_list":["post-3363","page","type-page","status-publish","hentry"],"yoast_head":"<!-- This site is optimized with the Yoast SEO plugin v20.13 - https:\/\/yoast.com\/wordpress\/plugins\/seo\/ -->\n<title>Pol\u00edtica de Cookies | Nou Mallorca<\/title>\n<meta name=\"description\" content=\"Pocos lugares destilan la elegancia, la calma y la sencillez de Mallorca. Mimada y custodiada por las olas del Mediterr\u00e1neo, Mallorca posee esa magia que atrapa sin remedio, envolvi\u00e9ndonos con su brisa y acarici\u00e1ndonos con esa luz tan maravillosa que la ha convertido en uno de los destinos favoritos del turismo internacional.\" \/>\n<meta name=\"robots\" content=\"index, follow, max-snippet:-1, max-image-preview:large, max-video-preview:-1\" \/>\n<link rel=\"canonical\" href=\"https:\/\/noumallorca.com\/en\/politica-de-cookies\/\" \/>\n<meta property=\"og:locale\" content=\"en_US\" \/>\n<meta property=\"og:type\" content=\"article\" \/>\n<meta property=\"og:title\" content=\"Pol\u00edtica de Cookies | Nou Mallorca\" \/>\n<meta property=\"og:description\" content=\"Pocos lugares destilan la elegancia, la calma y la sencillez de Mallorca. Mimada y custodiada por las olas del Mediterr\u00e1neo, Mallorca posee esa magia que atrapa sin remedio, envolvi\u00e9ndonos con su brisa y acarici\u00e1ndonos con esa luz tan maravillosa que la ha convertido en uno de los destinos favoritos del turismo internacional.\" \/>\n<meta property=\"og:url\" content=\"https:\/\/noumallorca.com\/en\/politica-de-cookies\/\" \/>\n<meta property=\"og:site_name\" content=\"Nou Mallorca\" \/>\n<meta property=\"article:modified_time\" content=\"2023-10-30T07:38:01+00:00\" \/>\n<meta property=\"og:image\" content=\"https:\/\/noumallorca.com\/wp-content\/uploads\/2023\/04\/Nou-Mallorca-net_ok.jpg\" \/>\n\t<meta property=\"og:image:width\" content=\"116\" \/>\n\t<meta property=\"og:image:height\" content=\"38\" \/>\n\t<meta property=\"og:image:type\" content=\"image\/jpeg\" \/>\n<meta name=\"twitter:card\" content=\"summary_large_image\" \/>\n<meta name=\"twitter:label1\" content=\"Est. reading time\" \/>\n\t<meta name=\"twitter:data1\" content=\"4 minutes\" \/>\n<script type=\"application\/ld+json\" class=\"yoast-schema-graph\">{\"@context\":\"https:\/\/schema.org\",\"@graph\":[{\"@type\":\"WebPage\",\"@id\":\"https:\/\/noumallorca.com\/en\/politica-de-cookies\/\",\"url\":\"https:\/\/noumallorca.com\/en\/politica-de-cookies\/\",\"name\":\"Pol\u00edtica de Cookies | Nou Mallorca\",\"isPartOf\":{\"@id\":\"https:\/\/noumallorca.com\/#website\"},\"datePublished\":\"2023-08-31T07:53:53+00:00\",\"dateModified\":\"2023-10-30T07:38:01+00:00\",\"description\":\"Pocos lugares destilan la elegancia, la calma y la sencillez de Mallorca. Mimada y custodiada por las olas del Mediterr\u00e1neo, Mallorca posee esa magia que atrapa sin remedio, envolvi\u00e9ndonos con su brisa y acarici\u00e1ndonos con esa luz tan maravillosa que la ha convertido en uno de los destinos favoritos del turismo internacional.\",\"breadcrumb\":{\"@id\":\"https:\/\/noumallorca.com\/en\/politica-de-cookies\/#breadcrumb\"},\"inLanguage\":\"en-US\",\"potentialAction\":[{\"@type\":\"ReadAction\",\"target\":[\"https:\/\/noumallorca.com\/en\/politica-de-cookies\/\"]}]},{\"@type\":\"BreadcrumbList\",\"@id\":\"https:\/\/noumallorca.com\/en\/politica-de-cookies\/#breadcrumb\",\"itemListElement\":[{\"@type\":\"ListItem\",\"position\":1,\"name\":\"Portada\",\"item\":\"https:\/\/noumallorca.com\/en\/\"},{\"@type\":\"ListItem\",\"position\":2,\"name\":\"Pol\u00edtica de Cookies\"}]},{\"@type\":\"WebSite\",\"@id\":\"https:\/\/noumallorca.com\/#website\",\"url\":\"https:\/\/noumallorca.com\/\",\"name\":\"Nou Mallorca\",\"description\":\"Nou Mallorca\",\"publisher\":{\"@id\":\"https:\/\/noumallorca.com\/#organization\"},\"alternateName\":\"Nou Mallorca\",\"potentialAction\":[{\"@type\":\"SearchAction\",\"target\":{\"@type\":\"EntryPoint\",\"urlTemplate\":\"https:\/\/noumallorca.com\/?s={search_term_string}\"},\"query-input\":\"required name=search_term_string\"}],\"inLanguage\":\"en-US\"},{\"@type\":\"Organization\",\"@id\":\"https:\/\/noumallorca.com\/#organization\",\"name\":\"Nou Mallorca\",\"alternateName\":\"Nou Mallorca\",\"url\":\"https:\/\/noumallorca.com\/\",\"logo\":{\"@type\":\"ImageObject\",\"inLanguage\":\"en-US\",\"@id\":\"https:\/\/noumallorca.com\/#\/schema\/logo\/image\/\",\"url\":\"http:\/\/noumallorca.com\/wp-content\/uploads\/2023\/04\/Nou-Mallorca-net_ok-favicon.png\",\"contentUrl\":\"http:\/\/noumallorca.com\/wp-content\/uploads\/2023\/04\/Nou-Mallorca-net_ok-favicon.png\",\"width\":505,\"height\":248,\"caption\":\"Nou Mallorca\"},\"image\":{\"@id\":\"https:\/\/noumallorca.com\/#\/schema\/logo\/image\/\"}}]}<\/script>\n<!-- \/ Yoast SEO plugin. -->","yoast_head_json":{"title":"Pol\u00edtica de Cookies | Nou Mallorca","description":"Pocos lugares destilan la elegancia, la calma y la sencillez de Mallorca. Mimada y custodiada por las olas del Mediterr\u00e1neo, Mallorca posee esa magia que atrapa sin remedio, envolvi\u00e9ndonos con su brisa y acarici\u00e1ndonos con esa luz tan maravillosa que la ha convertido en uno de los destinos favoritos del turismo internacional.","robots":{"index":"index","follow":"follow","max-snippet":"max-snippet:-1","max-image-preview":"max-image-preview:large","max-video-preview":"max-video-preview:-1"},"canonical":"https:\/\/noumallorca.com\/en\/politica-de-cookies\/","og_locale":"en_US","og_type":"article","og_title":"Pol\u00edtica de Cookies | Nou Mallorca","og_description":"Pocos lugares destilan la elegancia, la calma y la sencillez de Mallorca. Mimada y custodiada por las olas del Mediterr\u00e1neo, Mallorca posee esa magia que atrapa sin remedio, envolvi\u00e9ndonos con su brisa y acarici\u00e1ndonos con esa luz tan maravillosa que la ha convertido en uno de los destinos favoritos del turismo internacional.","og_url":"https:\/\/noumallorca.com\/en\/politica-de-cookies\/","og_site_name":"Nou Mallorca","article_modified_time":"2023-10-30T07:38:01+00:00","og_image":[{"width":116,"height":38,"url":"https:\/\/noumallorca.com\/wp-content\/uploads\/2023\/04\/Nou-Mallorca-net_ok.jpg","type":"image\/jpeg"}],"twitter_card":"summary_large_image","twitter_misc":{"Est. reading time":"4 minutes"},"schema":{"@context":"https:\/\/schema.org","@graph":[{"@type":"WebPage","@id":"https:\/\/noumallorca.com\/en\/politica-de-cookies\/","url":"https:\/\/noumallorca.com\/en\/politica-de-cookies\/","name":"Pol\u00edtica de Cookies | Nou Mallorca","isPartOf":{"@id":"https:\/\/noumallorca.com\/#website"},"datePublished":"2023-08-31T07:53:53+00:00","dateModified":"2023-10-30T07:38:01+00:00","description":"Pocos lugares destilan la elegancia, la calma y la sencillez de Mallorca. Mimada y custodiada por las olas del Mediterr\u00e1neo, Mallorca posee esa magia que atrapa sin remedio, envolvi\u00e9ndonos con su brisa y acarici\u00e1ndonos con esa luz tan maravillosa que la ha convertido en uno de los destinos favoritos del turismo internacional.","breadcrumb":{"@id":"https:\/\/noumallorca.com\/en\/politica-de-cookies\/#breadcrumb"},"inLanguage":"en-US","potentialAction":[{"@type":"ReadAction","target":["https:\/\/noumallorca.com\/en\/politica-de-cookies\/"]}]},{"@type":"BreadcrumbList","@id":"https:\/\/noumallorca.com\/en\/politica-de-cookies\/#breadcrumb","itemListElement":[{"@type":"ListItem","position":1,"name":"Portada","item":"https:\/\/noumallorca.com\/en\/"},{"@type":"ListItem","position":2,"name":"Pol\u00edtica de Cookies"}]},{"@type":"WebSite","@id":"https:\/\/noumallorca.com\/#website","url":"https:\/\/noumallorca.com\/","name":"Nou Mallorca","description":"Nou Mallorca","publisher":{"@id":"https:\/\/noumallorca.com\/#organization"},"alternateName":"Nou Mallorca","potentialAction":[{"@type":"SearchAction","target":{"@type":"EntryPoint","urlTemplate":"https:\/\/noumallorca.com\/?s={search_term_string}"},"query-input":"required name=search_term_string"}],"inLanguage":"en-US"},{"@type":"Organization","@id":"https:\/\/noumallorca.com\/#organization","name":"Nou Mallorca","alternateName":"Nou Mallorca","url":"https:\/\/noumallorca.com\/","logo":{"@type":"ImageObject","inLanguage":"en-US","@id":"https:\/\/noumallorca.com\/#\/schema\/logo\/image\/","url":"http:\/\/noumallorca.com\/wp-content\/uploads\/2023\/04\/Nou-Mallorca-net_ok-favicon.png","contentUrl":"http:\/\/noumallorca.com\/wp-content\/uploads\/2023\/04\/Nou-Mallorca-net_ok-favicon.png","width":505,"height":248,"caption":"Nou Mallorca"},"image":{"@id":"https:\/\/noumallorca.com\/#\/schema\/logo\/image\/"}}]}},"_links":{"self":[{"href":"https:\/\/noumallorca.com\/en\/wp-json\/wp\/v2\/pages\/3363","targetHints":{"allow":["GET"]}}],"collection":[{"href":"https:\/\/noumallorca.com\/en\/wp-json\/wp\/v2\/pages"}],"about":[{"href":"https:\/\/noumallorca.com\/en\/wp-json\/wp\/v2\/types\/page"}],"author":[{"embeddable":true,"href":"https:\/\/noumallorca.com\/en\/wp-json\/wp\/v2\/users\/1"}],"replies":[{"embeddable":true,"href":"https:\/\/noumallorca.com\/en\/wp-json\/wp\/v2\/comments?post=3363"}],"version-history":[{"count":1,"href":"https:\/\/noumallorca.com\/en\/wp-json\/wp\/v2\/pages\/3363\/revisions"}],"predecessor-version":[{"id":3609,"href":"https:\/\/noumallorca.com\/en\/wp-json\/wp\/v2\/pages\/3363\/revisions\/3609"}],"wp:attachment":[{"href":"https:\/\/noumallorca.com\/en\/wp-json\/wp\/v2\/media?parent=3363"}],"curies":[{"name":"wp","href":"https:\/\/api.w.org\/{rel}","templated":true}]}}