{"id":3227,"date":"2023-04-18T10:43:34","date_gmt":"2023-04-18T08:43:34","guid":{"rendered":"http:\/\/noumallorca.com\/nosotros\/"},"modified":"2023-10-02T10:39:28","modified_gmt":"2023-10-02T08:39:28","slug":"ueber-uns","status":"publish","type":"page","link":"https:\/\/noumallorca.com\/de\/ueber-uns\/","title":{"rendered":"\u00dcber uns"},"content":{"rendered":"<section class=\"wpb-content-wrapper\"><p>[vc_row full_width=&#8220;stretch_row_content_no_spaces&#8220; css=&#8220;.vc_custom_1595583326685{padding-top: 7em !important;}&#8220;][vc_column icons_position=&#8220;left&#8220; offset=&#8220;vc_col-lg-offset-0 vc_col-md-offset-0 vc_col-sm-offset-0&#8243;]<div  id=\"sc_promo_1095527269\" \n\tclass=\"sc_promo align_text color_style_default sc_promo_default sc_promo_size_normal sc_promo_no_paddings sc_promo_image_position_right\"><div class=\"sc_promo_image\" style=\"background-image:url(https:\/\/noumallorca.com\/wp-content\/uploads\/2017\/06\/welcome_img.jpg);width:50%;right: 0;\"><\/div><div class=\"sc_promo_text\" style=\"width: 50%;float: left;\">\n\t\t\t<div class=\"sc_promo_text_inner sc_content_width_50%\" style=\"\"><h6 class=\"sc_item_subtitle sc_promo_subtitle sc_align_left sc_item_title_style_default\">\u00dcber Uns<\/h6><h2 class=\"sc_item_title sc_promo_title sc_align_left sc_item_title_style_default sc_item_title_tag\">Wir bauen Tr\u00e4ume<\/h2><div class=\"sc_item_descr sc_promo_descr sc_align_left\"><p>Nou Mallorca ist ein in Portocolom ans\u00e4ssiger Bautr\u00e4ger, der von Xavi Prohens und Domingo Barcel\u00f3 gegr\u00fcndet wurde. Das Unternehmen ist das Ergebnis einer \u00fcber 15 Jahre w\u00e4hrenden Freundschaft und hat es sich zum Ziel gesetzt, Immobilienprojekte auf h\u00f6chstem Niveau zu entwickeln, auszuf\u00fchren und zu erschlie\u00dfen, bei denen die Integration des Raums in das mediterrane Landschaftsbild im Mittelpunkt steht.<\/p>\n<\/div><\/div>\n\t\t<\/div><!-- \/.sc_promo_text --><\/div><!-- \/.sc_promo -->[\/vc_column][\/vc_row][vc_row css=&#8220;.vc_custom_1595583332322{margin-bottom: 7em !important;}&#8220;][vc_column icons_position=&#8220;left&#8220;][\/vc_column][\/vc_row][vc_row css=&#8220;.vc_custom_1691999324046{padding-top: 3em !important;padding-bottom: 0px !important;}&#8220;][vc_column icons_position=&#8220;left&#8220;]<div id=\"sc_title_1862657931\"\n\t\tclass=\"sc_title color_style_default sc_title_row\"><h3 class=\"sc_item_title sc_title_title sc_align_left sc_item_title_style_row\">Unser Team<\/h3><\/div><!-- \/.sc_title -->[vc_column_text]<span style=\"color: #818181;\">Der berufliche Werdegang von Xavi Prohens stand bisher ganz im Zeichen des Tourismus. Gepr\u00e4gt durch seine nationale und internationale Erfahrung, die ihn unter anderem nach Mallorca, China, Lanzarote, Teneriffa sowie in den letzten Jahren nach Kuba gef\u00fchrt hat, wo er als Gesch\u00e4ftsf\u00fchrer der Hotelsparte mit 15 Hotels t\u00e4tig war, sowie durch den t\u00e4glichen Kontakt mit verschiedensten G\u00e4sten und deren vielschichtigen Anforderungen und M\u00f6glichkeiten, versucht Xavi, m\u00f6glichst einfache L\u00f6sungen einzubringen, damit diese eine wirksame und pragmatische Anwendung in den Projekten finden.<\/span><\/p>\n<p><span style=\"color: #818181;\">Domingo Barcel\u00f3 ist schon von Kindheit an eng mit der Gesch\u00e4ftswelt verbunden. So war er CEO in Unternehmen auf dem Gebiet Gartenbau und Landscaping sowie Verantwortlicher eines Unternehmens im Bereich Gesundheitswesen, das mit verschiedenen St\u00e4dten und Gemeinden in ganz Spanien zusammenarbeitet und sich mit der Kontrolle und Auswirkung der Sonnenstrahlen auf die Haut besch\u00e4ftigt. Er arbeitet daran, nachhaltige Praktiken in allen Aspekten des Gesch\u00e4ftsbereichs anzuwenden, um einen Mehrwert f\u00fcr das Projektmanagement von Bau- und Immobilienentwicklungsvorhaben zu schaffen.<\/span><\/p>\n<p><span style=\"color: #818181;\">Man sagt, die besten Ideen entstehen bei einem guten Essen, und genau so wurde der Traum von Domingo und Xavi Wirklichkeit. Nou Mallorca entstand an einem gedeckten Tisch: Hier wurde die Idee geboren, Projekte von Anfang bis Ende durchzuf\u00fchren und dabei g\u00e4nzlich die vollst\u00e4ndige Kontrolle des gesamten Ablaufs zu \u00fcbernehmen. Dank ihres Know-hows im Gesch\u00e4ftsbereich und der Unterst\u00fctzung eines qualifizierten Mitarbeiterteams ist der Alltag bei Nou Mallorca heute ein wahr gewordener Traum.<\/span><\/p>\n<p><span style=\"color: #818181;\">In ihrer Freizeit erfreuen sich Domingo und Xavi auch weiterhin an ihrer Leidenschaft f\u00fcr gutes Essen, an ihren Familien, am Meer von Mallorca und an der engen Freundschaft, die sie seit fast 20 Jahren verbindet.<\/span>[\/vc_column_text][vc_row_inner css=&#8220;.vc_custom_1691575377484{padding-bottom: 0px !important;}&#8220;][vc_column_inner css=&#8220;.vc_custom_1691575390986{padding-bottom: 0px !important;}&#8220;][vc_empty_space alter_height=&#8220;huge&#8220; hide_on_mobile=&#8220;&#8220;]<div id=\"sc_title_2042569852\"\n\t\tclass=\"sc_title color_style_default sc_title_default  vc_custom_1692777221444\"><h3 class=\"sc_item_title sc_title_title sc_align_left sc_item_title_style_default\">Was denken unsere Klienten?<\/h3><\/div><!-- \/.sc_title -->[\/vc_column_inner][\/vc_row_inner][\/vc_column][\/vc_row][vc_row full_width=&#8220;stretch_row&#8220; css=&#8220;.vc_custom_1691999229318{margin-top: 7em !important;padding-top: 4em !important;padding-bottom: 2em !important;background-color: #444242 !important;}&#8220;][vc_column icons_position=&#8220;left&#8220;]<div class=\"sc_testimonials color_style_default scheme_dark sc_testimonials_default\"><div class=\"sc_testimonials_slider sc_item_slider slider_swiper_outer slider_outer_controls slider_outer_controls_side slider_outer_nopagination slider_outer_one\">\n\t<div class=\"swiper-slider-container slider_swiper slider_noresize slider_controls slider_controls_side slider_nopagination slider_one\" data-slides-min-width=\"150\" data-pagination=\"bullets\">\n\t\t<div class=\"slides swiper-wrapper sc_item_columns_1\"><div class=\"swiper-slide\"><div class=\"sc_testimonials_item\">\n\t<div class=\"sc_testimonials_item_content\"><section class=\"wpb-content-wrapper\"><p>[vc_row][vc_column][vc_column_text]<strong>&#8222;Das Ergebnis war sogar noch besser als erwartet&#8220;<\/strong><\/p>\r\n<p>&nbsp;<\/p><\/section><\/div>\n\t<div class=\"sc_testimonials_item_author\">\n\t\t\t\t<div class=\"sc_testimonials_item_author_data\">\n\t\t\t<h4 class=\"sc_testimonials_item_author_title\"><\/h4><div class=\"sc_testimonials_item_author_subtitle\"><\/div>\n\t\t<\/div>\n\t<\/div>\n<\/div>\n<\/div><div class=\"swiper-slide\"><div class=\"sc_testimonials_item\">\n\t<div class=\"sc_testimonials_item_content\"><p><strong>&#8222;Wir leben einen Traum&#8220;<\/strong><\/p>\n<\/div>\n\t<div class=\"sc_testimonials_item_author\">\n\t\t\t\t<div class=\"sc_testimonials_item_author_data\">\n\t\t\t<h4 class=\"sc_testimonials_item_author_title\"><\/h4><div class=\"sc_testimonials_item_author_subtitle\"><\/div>\n\t\t<\/div>\n\t<\/div>\n<\/div>\n<\/div><div class=\"swiper-slide\"><div class=\"sc_testimonials_item\">\n\t<div class=\"sc_testimonials_item_content\"><p><strong>\u00a0&#8222;Ich glaube und vertraue dir&#8220;\u00a0<\/strong><\/p>\n<\/div>\n\t<div class=\"sc_testimonials_item_author\">\n\t\t\t\t<div class=\"sc_testimonials_item_author_data\">\n\t\t\t<h4 class=\"sc_testimonials_item_author_title\"><\/h4><div class=\"sc_testimonials_item_author_subtitle\"><\/div>\n\t\t<\/div>\n\t<\/div>\n<\/div>\n<\/div><\/div><div class=\"slider_controls_wrap\"><a class=\"slider_prev swiper-button-prev\" href=\"#\"><\/a><a class=\"slider_next swiper-button-next\" href=\"#\"><\/a><\/div><\/div><\/div><\/div><!-- \/.sc_testimonials -->[\/vc_column][\/vc_row]<\/p>\n<\/section>","protected":false},"excerpt":{"rendered":"<p>[vc_row full_width=&#8220;stretch_row_content_no_spaces&#8220; css=&#8220;.vc_custom_1595583326685{padding-top: 7em !important;}&#8220;][vc_column icons_position=&#8220;left&#8220; offset=&#8220;vc_col-lg-offset-0 vc_col-md-offset-0 vc_col-sm-offset-0&#8243;][\/vc_column][\/vc_row][vc_row css=&#8220;.vc_custom_1595583332322{margin-bottom: 7em !important;}&#8220;][vc_column icons_position=&#8220;left&#8220;][\/vc_column][\/vc_row][vc_row css=&#8220;.vc_custom_1691999324046{padding-top: 3em !important;padding-bottom: 0px !important;}&#8220;][vc_column icons_position=&#8220;left&#8220;][vc_column_text]Der berufliche Werdegang von Xavi Prohens stand bisher ganz im Zeichen des Tourismus. Gepr\u00e4gt durch seine nationale und internationale Erfahrung, die ihn unter anderem nach Mallorca, China, Lanzarote, Teneriffa sowie in den letzten Jahren nach Kuba gef\u00fchrt hat, wo er als Gesch\u00e4ftsf\u00fchrer&hellip;<\/p>\n","protected":false},"author":1,"featured_media":2914,"parent":0,"menu_order":0,"comment_status":"closed","ping_status":"closed","template":"","meta":{"footnotes":""},"class_list":["post-3227","page","type-page","status-publish","has-post-thumbnail","hentry"],"yoast_head":"<!-- This site is optimized with the Yoast SEO plugin v20.13 - https:\/\/yoast.com\/wordpress\/plugins\/seo\/ -->\n<title>\u00dcber uns | Nou Mallorca | Wir bauen Tr\u00e4ume<\/title>\n<meta name=\"description\" content=\"Wir bauen Tr\u00e4ume. Nou Mallorca ist ein Immobilienentwickler mit Sitz in Portocolom, gegr\u00fcndet von Xavi Prohens und Domingo Barcel\u00f3 ...\" \/>\n<meta name=\"robots\" content=\"index, follow, max-snippet:-1, max-image-preview:large, max-video-preview:-1\" \/>\n<link rel=\"canonical\" href=\"https:\/\/noumallorca.com\/nosotros\/\" \/>\n<meta property=\"og:locale\" content=\"de_DE\" \/>\n<meta property=\"og:type\" content=\"article\" \/>\n<meta property=\"og:title\" content=\"\u00dcber uns | Nou Mallorca | Wir bauen Tr\u00e4ume\" \/>\n<meta property=\"og:description\" content=\"Wir bauen Tr\u00e4ume. Nou Mallorca ist ein Immobilienentwickler mit Sitz in Portocolom, gegr\u00fcndet von Xavi Prohens und Domingo Barcel\u00f3 ...\" \/>\n<meta property=\"og:url\" content=\"https:\/\/noumallorca.com\/nosotros\/\" \/>\n<meta property=\"og:site_name\" content=\"Nou Mallorca\" \/>\n<meta property=\"article:modified_time\" content=\"2023-10-02T08:39:28+00:00\" \/>\n<meta property=\"og:image\" content=\"https:\/\/noumallorca.com\/wp-content\/uploads\/2017\/05\/esencia-de-una-persona.jpg\" \/>\n\t<meta property=\"og:image:width\" content=\"800\" \/>\n\t<meta property=\"og:image:height\" content=\"533\" \/>\n\t<meta property=\"og:image:type\" content=\"image\/jpeg\" \/>\n<meta name=\"twitter:card\" content=\"summary_large_image\" \/>\n<meta name=\"twitter:label1\" content=\"Gesch\u00e4tzte Lesezeit\" \/>\n\t<meta name=\"twitter:data1\" content=\"2\u00a0Minuten\" \/>\n<script type=\"application\/ld+json\" class=\"yoast-schema-graph\">{\"@context\":\"https:\/\/schema.org\",\"@graph\":[{\"@type\":\"WebPage\",\"@id\":\"https:\/\/noumallorca.com\/nosotros\/\",\"url\":\"https:\/\/noumallorca.com\/nosotros\/\",\"name\":\"\u00dcber uns | Nou Mallorca | Wir bauen Tr\u00e4ume\",\"isPartOf\":{\"@id\":\"https:\/\/noumallorca.com\/#website\"},\"datePublished\":\"2023-04-18T08:43:34+00:00\",\"dateModified\":\"2023-10-02T08:39:28+00:00\",\"description\":\"Wir bauen Tr\u00e4ume. Nou Mallorca ist ein Immobilienentwickler mit Sitz in Portocolom, gegr\u00fcndet von Xavi Prohens und Domingo Barcel\u00f3 ...\",\"breadcrumb\":{\"@id\":\"https:\/\/noumallorca.com\/nosotros\/#breadcrumb\"},\"inLanguage\":\"de\",\"potentialAction\":[{\"@type\":\"ReadAction\",\"target\":[\"https:\/\/noumallorca.com\/nosotros\/\"]}]},{\"@type\":\"BreadcrumbList\",\"@id\":\"https:\/\/noumallorca.com\/nosotros\/#breadcrumb\",\"itemListElement\":[{\"@type\":\"ListItem\",\"position\":1,\"name\":\"Portada\",\"item\":\"https:\/\/noumallorca.com\/de\/\"},{\"@type\":\"ListItem\",\"position\":2,\"name\":\"\u00dcber uns\"}]},{\"@type\":\"WebSite\",\"@id\":\"https:\/\/noumallorca.com\/#website\",\"url\":\"https:\/\/noumallorca.com\/\",\"name\":\"Nou Mallorca\",\"description\":\"Nou Mallorca\",\"publisher\":{\"@id\":\"https:\/\/noumallorca.com\/#organization\"},\"alternateName\":\"Nou Mallorca\",\"potentialAction\":[{\"@type\":\"SearchAction\",\"target\":{\"@type\":\"EntryPoint\",\"urlTemplate\":\"https:\/\/noumallorca.com\/?s={search_term_string}\"},\"query-input\":\"required name=search_term_string\"}],\"inLanguage\":\"de\"},{\"@type\":\"Organization\",\"@id\":\"https:\/\/noumallorca.com\/#organization\",\"name\":\"Nou Mallorca\",\"alternateName\":\"Nou Mallorca\",\"url\":\"https:\/\/noumallorca.com\/\",\"logo\":{\"@type\":\"ImageObject\",\"inLanguage\":\"de\",\"@id\":\"https:\/\/noumallorca.com\/#\/schema\/logo\/image\/\",\"url\":\"http:\/\/noumallorca.com\/wp-content\/uploads\/2023\/04\/Nou-Mallorca-net_ok-favicon.png\",\"contentUrl\":\"http:\/\/noumallorca.com\/wp-content\/uploads\/2023\/04\/Nou-Mallorca-net_ok-favicon.png\",\"width\":505,\"height\":248,\"caption\":\"Nou Mallorca\"},\"image\":{\"@id\":\"https:\/\/noumallorca.com\/#\/schema\/logo\/image\/\"}}]}<\/script>\n<!-- \/ Yoast SEO plugin. -->","yoast_head_json":{"title":"\u00dcber uns | Nou Mallorca | Wir bauen Tr\u00e4ume","description":"Wir bauen Tr\u00e4ume. Nou Mallorca ist ein Immobilienentwickler mit Sitz in Portocolom, gegr\u00fcndet von Xavi Prohens und Domingo Barcel\u00f3 ...","robots":{"index":"index","follow":"follow","max-snippet":"max-snippet:-1","max-image-preview":"max-image-preview:large","max-video-preview":"max-video-preview:-1"},"canonical":"https:\/\/noumallorca.com\/nosotros\/","og_locale":"de_DE","og_type":"article","og_title":"\u00dcber uns | Nou Mallorca | Wir bauen Tr\u00e4ume","og_description":"Wir bauen Tr\u00e4ume. Nou Mallorca ist ein Immobilienentwickler mit Sitz in Portocolom, gegr\u00fcndet von Xavi Prohens und Domingo Barcel\u00f3 ...","og_url":"https:\/\/noumallorca.com\/nosotros\/","og_site_name":"Nou Mallorca","article_modified_time":"2023-10-02T08:39:28+00:00","og_image":[{"width":800,"height":533,"url":"https:\/\/noumallorca.com\/wp-content\/uploads\/2017\/05\/esencia-de-una-persona.jpg","type":"image\/jpeg"}],"twitter_card":"summary_large_image","twitter_misc":{"Gesch\u00e4tzte Lesezeit":"2\u00a0Minuten"},"schema":{"@context":"https:\/\/schema.org","@graph":[{"@type":"WebPage","@id":"https:\/\/noumallorca.com\/nosotros\/","url":"https:\/\/noumallorca.com\/nosotros\/","name":"\u00dcber uns | Nou Mallorca | Wir bauen Tr\u00e4ume","isPartOf":{"@id":"https:\/\/noumallorca.com\/#website"},"datePublished":"2023-04-18T08:43:34+00:00","dateModified":"2023-10-02T08:39:28+00:00","description":"Wir bauen Tr\u00e4ume. Nou Mallorca ist ein Immobilienentwickler mit Sitz in Portocolom, gegr\u00fcndet von Xavi Prohens und Domingo Barcel\u00f3 ...","breadcrumb":{"@id":"https:\/\/noumallorca.com\/nosotros\/#breadcrumb"},"inLanguage":"de","potentialAction":[{"@type":"ReadAction","target":["https:\/\/noumallorca.com\/nosotros\/"]}]},{"@type":"BreadcrumbList","@id":"https:\/\/noumallorca.com\/nosotros\/#breadcrumb","itemListElement":[{"@type":"ListItem","position":1,"name":"Portada","item":"https:\/\/noumallorca.com\/de\/"},{"@type":"ListItem","position":2,"name":"\u00dcber uns"}]},{"@type":"WebSite","@id":"https:\/\/noumallorca.com\/#website","url":"https:\/\/noumallorca.com\/","name":"Nou Mallorca","description":"Nou Mallorca","publisher":{"@id":"https:\/\/noumallorca.com\/#organization"},"alternateName":"Nou Mallorca","potentialAction":[{"@type":"SearchAction","target":{"@type":"EntryPoint","urlTemplate":"https:\/\/noumallorca.com\/?s={search_term_string}"},"query-input":"required name=search_term_string"}],"inLanguage":"de"},{"@type":"Organization","@id":"https:\/\/noumallorca.com\/#organization","name":"Nou Mallorca","alternateName":"Nou Mallorca","url":"https:\/\/noumallorca.com\/","logo":{"@type":"ImageObject","inLanguage":"de","@id":"https:\/\/noumallorca.com\/#\/schema\/logo\/image\/","url":"http:\/\/noumallorca.com\/wp-content\/uploads\/2023\/04\/Nou-Mallorca-net_ok-favicon.png","contentUrl":"http:\/\/noumallorca.com\/wp-content\/uploads\/2023\/04\/Nou-Mallorca-net_ok-favicon.png","width":505,"height":248,"caption":"Nou Mallorca"},"image":{"@id":"https:\/\/noumallorca.com\/#\/schema\/logo\/image\/"}}]}},"_links":{"self":[{"href":"https:\/\/noumallorca.com\/de\/wp-json\/wp\/v2\/pages\/3227","targetHints":{"allow":["GET"]}}],"collection":[{"href":"https:\/\/noumallorca.com\/de\/wp-json\/wp\/v2\/pages"}],"about":[{"href":"https:\/\/noumallorca.com\/de\/wp-json\/wp\/v2\/types\/page"}],"author":[{"embeddable":true,"href":"https:\/\/noumallorca.com\/de\/wp-json\/wp\/v2\/users\/1"}],"replies":[{"embeddable":true,"href":"https:\/\/noumallorca.com\/de\/wp-json\/wp\/v2\/comments?post=3227"}],"version-history":[{"count":6,"href":"https:\/\/noumallorca.com\/de\/wp-json\/wp\/v2\/pages\/3227\/revisions"}],"predecessor-version":[{"id":3520,"href":"https:\/\/noumallorca.com\/de\/wp-json\/wp\/v2\/pages\/3227\/revisions\/3520"}],"wp:featuredmedia":[{"embeddable":true,"href":"https:\/\/noumallorca.com\/de\/wp-json\/wp\/v2\/media\/2914"}],"wp:attachment":[{"href":"https:\/\/noumallorca.com\/de\/wp-json\/wp\/v2\/media?parent=3227"}],"curies":[{"name":"wp","href":"https:\/\/api.w.org\/{rel}","templated":true}]}}