{"id":1301,"date":"2017-05-31T08:27:05","date_gmt":"2017-05-31T06:27:05","guid":{"rendered":"http:\/\/noumallorca.com\/projects\/"},"modified":"2023-08-30T09:46:32","modified_gmt":"2023-08-30T07:46:32","slug":"projekte","status":"publish","type":"page","link":"https:\/\/noumallorca.com\/de\/projekte\/","title":{"rendered":"Projekte"},"content":{"rendered":"<section class=\"wpb-content-wrapper\"><p>[vc_row full_width=&#8220;stretch_row_content_no_spaces&#8220; row_delimiter=&#8220;&#8220; row_fixed=&#8220;&#8220; hide_on_tablet=&#8220;&#8220; hide_on_mobile=&#8220;&#8220; hide_on_frontpage=&#8220;&#8220;][vc_column icons_position=&#8220;left&#8220;]<div id=\"sc_content_1800460076\"\n\t\tclass=\"sc_content color_style_default sc_content_default sc_content_width_1_1 sc_float_center\"><div class=\"sc_content_container\"><div id=\"sc_title_752736218\"\n\t\tclass=\"sc_title color_style_default sc_title_row\"><h6 class=\"sc_item_subtitle sc_title_subtitle sc_align_left sc_item_title_style_row\">Galerie<\/h6><h3 class=\"sc_item_title sc_title_title sc_align_left sc_item_title_style_row\">Unsere aktuellen Projekte<\/h3><\/div><!-- \/.sc_title --><\/div><\/div><!-- \/.sc_content -->[\/vc_column][vc_column icons_position=&#8220;left&#8220;]<div id=\"RecentProjects\" class=\"widget_area sc_widget_slider vc_widget_slider wpb_content_element\"><aside id=\"RecentProjects_widget\" class=\"widget widget_slider\">\t\t\t<div class=\"slider_wrap slider_engine_swiper\">\n\t\t\t\t<div id=\"RecentProjects_outer\" class=\"slider_swiper_outer slider_style_dark slider_outer_direction_horizontal slider_outer_controls slider_outer_controls_side slider_outer_nopagination slider_outer_titles_center slider_outer_one\"><div id=\"RecentProjects_swiper\" class=\"slider_swiper swiper-slider-container slider_direction_horizontal slider_controls slider_controls_side slider_nopagination slider_titles_center slider_one slider_noresize slider_height_auto slider_type_bg\" data-ratio=\"16:9\" data-interval=\"0\" data-effect=\"slide\" data-pagination=\"bullets\" data-direction=\"horizontal\" data-slides-per-view=\"1\" data-slides-space=\"0\">\n\t\t\t\t\t\t<div class=\"swiper-wrapper\"><div  id=\"slide_1368475232\" class=\"swiper-slide  vc_custom_1686732678370\" data-image=\"https:\/\/noumallorca.com\/wp-content\/uploads\/2023\/06\/7-2.jpg\" style=\"background-image:url(https:\/\/noumallorca.com\/wp-content\/uploads\/2023\/06\/7-2.jpg);\"><div class=\"slide_content\"><div id=\"sc_content_211021137\"\n\t\tclass=\"sc_content color_style_default scheme_dark sc_content_default sc_content_width_1_1 sc_float_center\"><div class=\"sc_content_container\"><div id=\"sc_content_454146765\"\n\t\tclass=\"sc_content color_style_default scheme_dark color_style_default sc_content_default sc_content_width_30p sc_float_left\"><div class=\"sc_content_container\">[vc_single_image image=&#8220;2658&#8243; img_size=&#8220;large&#8220;][vc_column_text css=&#8220;.vc_custom_1692617091117{margin-top: 0.4em !important;}&#8220;]Der atemberaubende Blick auf die Gemeinde Porreres ist eines der herausragenden Merkmale, durch das sich dieses elegante Dorfhaus auszeichnet, dessen weitr\u00e4umig entworfenen Zimmer nach au\u00dfen blicken und diskret mit dem mediterranen Stil des Innenbereichs verschmelzen.[\/vc_column_text]<a href=\"\/proyectos\/llimona\/\" id=\"sc_button_218092928\" class=\"sc_button color_style_dark sc_button_simple_line  vc_custom_1692617133091 sc_button_size_normal sc_button_icon_left\"><span class=\"sc_button_text\"><span class=\"sc_button_title\">Mehr Informationen<\/span><\/span><!-- \/.sc_button_text --><\/a><!-- \/.sc_button --><\/div><\/div><!-- \/.sc_content --><\/div><\/div><!-- \/.sc_content --><\/div><\/div><div  id=\"slide_1953260086\" class=\"swiper-slide  vc_custom_1689575701266\" data-image=\"https:\/\/noumallorca.com\/wp-content\/uploads\/2023\/06\/10-1-1.jpg\" style=\"background-image:url(https:\/\/noumallorca.com\/wp-content\/uploads\/2023\/06\/10-1-1.jpg);\"><div class=\"slide_content\"><div id=\"sc_content_397856738\"\n\t\tclass=\"sc_content color_style_default scheme_dark sc_content_default sc_content_width_1_1 sc_float_center\"><div class=\"sc_content_container\"><div id=\"sc_content_752452744\"\n\t\tclass=\"sc_content color_style_default scheme_dark color_style_default sc_content_default sc_content_width_30p sc_float_left\"><div class=\"sc_content_container\">[vc_single_image image=&#8220;2445&#8243; img_size=&#8220;medium&#8220;][vc_column_text css=&#8220;.vc_custom_1692617215626{margin-top: 0.4em !important;}&#8220;]Dieses Haus ist ein wunderbares architektonisches Kleinod mit langer Geschichte, das sich durch seine einzigartige Fassade auszeichnet. Fr\u00fcher war das Haus einer der h\u00f6chsten Punkte der Gemeinde mit einem 360-Grad-Blick \u00fcber Son Servera und au\u00dferdem das Lebensmittelgesch\u00e4ft des Ortes, das vor mehr als 30 Jahren seine Pforten schloss und diese bis heute nicht wieder ge\u00f6ffnet hat.[\/vc_column_text]<a href=\"\/proyectos\/botigueta\/\" id=\"sc_button_1762950490\" class=\"sc_button color_style_dark sc_button_simple_line  vc_custom_1692617147295 sc_button_size_normal sc_button_icon_left\"><span class=\"sc_button_text\"><span class=\"sc_button_title\">Mehr Informationen<\/span><\/span><!-- \/.sc_button_text --><\/a><!-- \/.sc_button --><\/div><\/div><!-- \/.sc_content --><\/div><\/div><!-- \/.sc_content --><\/div><\/div><div  id=\"slide_1117701275\" class=\"swiper-slide  vc_custom_1691490855304\" data-image=\"https:\/\/noumallorca.com\/wp-content\/uploads\/2023\/08\/Nou-Mallorca-La-Caritat_11.jpg\" style=\"background-image:url(https:\/\/noumallorca.com\/wp-content\/uploads\/2023\/08\/Nou-Mallorca-La-Caritat_11.jpg);\"><div class=\"slide_content\"><div id=\"sc_content_1455225116\"\n\t\tclass=\"sc_content color_style_default scheme_dark sc_content_default sc_content_width_1_1 sc_float_center\"><div class=\"sc_content_container\"><div id=\"sc_content_1699176262\"\n\t\tclass=\"sc_content color_style_default scheme_dark color_style_default sc_content_default sc_content_width_30p sc_float_left\"><div class=\"sc_content_container\">[vc_single_image image=&#8220;2444&#8243; img_size=&#8220;medium&#8220;][vc_column_text css=&#8220;.vc_custom_1692617243809{margin-top: 0.4em !important;}&#8220;]Guter Wein, leckere Kapern, kleine Badebuchten oder eine gro\u00dfe Burg sind nur einige der zahlreichen Attraktionen, mit denen die Ortschaft Felanitx Besucher in ihren Bann zieht. Es ist genau der richtige Ort und die ideale Umgebung, damit dieses Haus zum Traumhaus wird.[\/vc_column_text]<a href=\"\/proyectos\/casa-caritat\/\" id=\"sc_button_576179604\" class=\"sc_button color_style_dark sc_button_simple_line  vc_custom_1692617164225 sc_button_size_normal sc_button_icon_left\"><span class=\"sc_button_text\"><span class=\"sc_button_title\">Mehr Informationen<\/span><\/span><!-- \/.sc_button_text --><\/a><!-- \/.sc_button --><\/div><\/div><!-- \/.sc_content --><\/div><\/div><!-- \/.sc_content --><\/div><\/div><\/div><!-- \/.swiper-wripper --><div class=\"slider_controls_wrap\"><a class=\"slider_prev swiper-button-prev\" href=\"#\"><\/a><a class=\"slider_next swiper-button-next\" href=\"#\"><\/a><\/div><\/div><!-- \/.slider_swiper --><\/div><!-- \/.slider_swiper_outer -->\t\t\t<\/div>\n\t\t\t<\/aside><\/div>[\/vc_column][\/vc_row][vc_row full_width=&#8220;stretch_row_content_no_spaces&#8220; css=&#8220;.vc_custom_1502459515349{margin-top: 2em !important;}&#8220;][vc_column width=&#8220;6\/12&#8243; icons_position=&#8220;left&#8220; glue_vc_column=&#8220;1&#8243; row_bg=&#8220;1&#8243; css=&#8220;.vc_custom_1502459523179{margin-top: 5em !important;}&#8220;]<div id=\"sc_googlemap_1172221856_wrap\" class=\"sc_googlemap_wrap\"><div id=\"sc_googlemap_1172221856\"\n\t\t\tclass=\"sc_googlemap sc_googlemap_default\"\n\t\t\t style=\"width:100%;height:543px;\"\t\t\tdata-zoom=\"12\"\n\t\t\tdata-style=\"light\"\n\t\t\tdata-cluster-icon=\"\"\n        ><iframe\n                    src=\"https:\/\/maps.google.com\/maps?t=m&output=embed&iwloc=near&z=12&q=Carrer+dels+Germans+Pinz%C3%B3n%2C+29\"\n                    scrolling=\"no\"\n                    marginheight=\"0\"\n                    marginwidth=\"0\"\n                    frameborder=\"0\"\n                    aria-label=\"\"><\/iframe><\/div><\/div><!-- \/.sc_googlemap_wrap -->[\/vc_column][vc_column width=&#8220;1\/12&#8243; icons_position=&#8220;left&#8220;][\/vc_column][vc_column width=&#8220;5\/12&#8243; icons_position=&#8220;left&#8220; css=&#8220;.vc_custom_1504102970069{margin-top: 5em !important;}&#8220; el_class=&#8220;contacts_text_align_resp&#8220;]<div id=\"sc_title_1039279352\"\n\t\tclass=\"sc_title color_style_default sc_title_default  vc_custom_1692777102083\"><h6 class=\"sc_item_subtitle sc_title_subtitle sc_align_left sc_item_title_style_default\">Kontakt Informationen<\/h6><h2 class=\"sc_item_title sc_title_title sc_align_left sc_item_title_style_default sc_item_title_tag\">Wir sind hier, um Ihnen zu helfen<\/h2><\/div><!-- \/.sc_title -->[vc_column_text css=&#8220;.vc_custom_1692777124823{margin-bottom: 2em !important;}&#8220;]<\/p>\n<h6 class=\"trx_addons_no_margin\">Rufnummer<\/h6>\n<p><a href=\"tel:+34 634213327\">Xavi Prohens + 34 634 213 327 <\/a><br \/>\n<a href=\"tel:+34 620042738\">Domingo Barcel\u00f3 +34 620 042 738<\/a>[\/vc_column_text][vc_column_text]<\/p>\n<h6 class=\"trx_addons_no_margin\">E-mail<\/h6>\n<p><a href=\"mailto:noumallorca@noumallorca.com\" target=\"_blank\" rel=\"noopener noreferrer\">noumallorca@noumallorca.com<\/a>[\/vc_column_text][vc_column_text]<\/p>\n<h6><\/h6>\n<h6><\/h6>\n<h6 class=\"trx_addons_no_margin\">Adresse<\/h6>\n<p><a href=\"https:\/\/goo.gl\/maps\/KJ2XtqwmiAzeh5se7\" target=\"_blank\" rel=\"noopener noreferrer\"><span style=\"font-weight: 400; color: #818181;\">C\/Germans Pinz\u00f3n 29 CP07670 Portocolom<\/span><\/a>[\/vc_column_text][\/vc_column][\/vc_row]<\/p>\n<\/section>","protected":false},"excerpt":{"rendered":"<p>[vc_row full_width=&#8220;stretch_row_content_no_spaces&#8220; row_delimiter=&#8220;&#8220; row_fixed=&#8220;&#8220; hide_on_tablet=&#8220;&#8220; hide_on_mobile=&#8220;&#8220; hide_on_frontpage=&#8220;&#8220;][vc_column icons_position=&#8220;left&#8220;][\/vc_column][vc_column icons_position=&#8220;left&#8220;][\/vc_column][\/vc_row][vc_row full_width=&#8220;stretch_row_content_no_spaces&#8220; css=&#8220;.vc_custom_1502459515349{margin-top: 2em !important;}&#8220;][vc_column width=&#8220;6\/12&#8243; icons_position=&#8220;left&#8220; glue_vc_column=&#8220;1&#8243; row_bg=&#8220;1&#8243; css=&#8220;.vc_custom_1502459523179{margin-top: 5em !important;}&#8220;][\/vc_column][vc_column width=&#8220;1\/12&#8243; icons_position=&#8220;left&#8220;][\/vc_column][vc_column width=&#8220;5\/12&#8243; icons_position=&#8220;left&#8220; css=&#8220;.vc_custom_1504102970069{margin-top: 5em !important;}&#8220; el_class=&#8220;contacts_text_align_resp&#8220;][vc_column_text css=&#8220;.vc_custom_1692777124823{margin-bottom: 2em !important;}&#8220;] Rufnummer Xavi Prohens + 34 634 213 327 Domingo Barcel\u00f3 +34 620 042 738[\/vc_column_text][vc_column_text] E-mail noumallorca@noumallorca.com[\/vc_column_text][vc_column_text] Adresse C\/Germans Pinz\u00f3n 29 CP07670 Portocolom[\/vc_column_text][\/vc_column][\/vc_row]<\/p>\n","protected":false},"author":1,"featured_media":2911,"parent":0,"menu_order":0,"comment_status":"closed","ping_status":"closed","template":"","meta":{"footnotes":""},"class_list":["post-1301","page","type-page","status-publish","has-post-thumbnail","hentry"],"yoast_head":"<!-- This site is optimized with the Yoast SEO plugin v20.13 - https:\/\/yoast.com\/wordpress\/plugins\/seo\/ -->\n<title>Projekte | Nou Mallorca | Wir bauen Tr\u00e4ume<\/title>\n<meta name=\"description\" content=\"Einige unserer herausragenden Projekte, an denen wir mit viel Liebe und Leidenschaft gearbeitet haben und in die wir unsere ganze Hingabe ...\" \/>\n<meta name=\"robots\" content=\"index, follow, max-snippet:-1, max-image-preview:large, max-video-preview:-1\" \/>\n<link rel=\"canonical\" href=\"https:\/\/noumallorca.com\/proyectos\/\" \/>\n<meta property=\"og:locale\" content=\"de_DE\" \/>\n<meta property=\"og:type\" content=\"article\" \/>\n<meta property=\"og:title\" content=\"Projekte | Nou Mallorca | Wir bauen Tr\u00e4ume\" \/>\n<meta property=\"og:description\" content=\"Einige unserer herausragenden Projekte, an denen wir mit viel Liebe und Leidenschaft gearbeitet haben und in die wir unsere ganze Hingabe ...\" \/>\n<meta property=\"og:url\" content=\"https:\/\/noumallorca.com\/proyectos\/\" \/>\n<meta property=\"og:site_name\" content=\"Nou Mallorca\" \/>\n<meta property=\"article:modified_time\" content=\"2023-08-30T07:46:32+00:00\" \/>\n<meta property=\"og:image\" content=\"https:\/\/noumallorca.com\/wp-content\/uploads\/2023\/08\/Nou-Mallorca-Sa-Botigueta_8.jpg\" \/>\n\t<meta property=\"og:image:width\" content=\"1024\" \/>\n\t<meta property=\"og:image:height\" content=\"1024\" \/>\n\t<meta property=\"og:image:type\" content=\"image\/jpeg\" \/>\n<meta name=\"twitter:card\" content=\"summary_large_image\" \/>\n<meta name=\"twitter:label1\" content=\"Gesch\u00e4tzte Lesezeit\" \/>\n\t<meta name=\"twitter:data1\" content=\"2\u00a0Minuten\" \/>\n<script type=\"application\/ld+json\" class=\"yoast-schema-graph\">{\"@context\":\"https:\/\/schema.org\",\"@graph\":[{\"@type\":\"WebPage\",\"@id\":\"https:\/\/noumallorca.com\/proyectos\/\",\"url\":\"https:\/\/noumallorca.com\/proyectos\/\",\"name\":\"Projekte | Nou Mallorca | Wir bauen Tr\u00e4ume\",\"isPartOf\":{\"@id\":\"https:\/\/noumallorca.com\/#website\"},\"datePublished\":\"2017-05-31T06:27:05+00:00\",\"dateModified\":\"2023-08-30T07:46:32+00:00\",\"description\":\"Einige unserer herausragenden Projekte, an denen wir mit viel Liebe und Leidenschaft gearbeitet haben und in die wir unsere ganze Hingabe ...\",\"breadcrumb\":{\"@id\":\"https:\/\/noumallorca.com\/proyectos\/#breadcrumb\"},\"inLanguage\":\"de\",\"potentialAction\":[{\"@type\":\"ReadAction\",\"target\":[\"https:\/\/noumallorca.com\/proyectos\/\"]}]},{\"@type\":\"BreadcrumbList\",\"@id\":\"https:\/\/noumallorca.com\/proyectos\/#breadcrumb\",\"itemListElement\":[{\"@type\":\"ListItem\",\"position\":1,\"name\":\"Portada\",\"item\":\"https:\/\/noumallorca.com\/de\/\"},{\"@type\":\"ListItem\",\"position\":2,\"name\":\"Projekte\"}]},{\"@type\":\"WebSite\",\"@id\":\"https:\/\/noumallorca.com\/#website\",\"url\":\"https:\/\/noumallorca.com\/\",\"name\":\"Nou Mallorca\",\"description\":\"Nou Mallorca\",\"publisher\":{\"@id\":\"https:\/\/noumallorca.com\/#organization\"},\"alternateName\":\"Nou Mallorca\",\"potentialAction\":[{\"@type\":\"SearchAction\",\"target\":{\"@type\":\"EntryPoint\",\"urlTemplate\":\"https:\/\/noumallorca.com\/?s={search_term_string}\"},\"query-input\":\"required name=search_term_string\"}],\"inLanguage\":\"de\"},{\"@type\":\"Organization\",\"@id\":\"https:\/\/noumallorca.com\/#organization\",\"name\":\"Nou Mallorca\",\"alternateName\":\"Nou Mallorca\",\"url\":\"https:\/\/noumallorca.com\/\",\"logo\":{\"@type\":\"ImageObject\",\"inLanguage\":\"de\",\"@id\":\"https:\/\/noumallorca.com\/#\/schema\/logo\/image\/\",\"url\":\"http:\/\/noumallorca.com\/wp-content\/uploads\/2023\/04\/Nou-Mallorca-net_ok-favicon.png\",\"contentUrl\":\"http:\/\/noumallorca.com\/wp-content\/uploads\/2023\/04\/Nou-Mallorca-net_ok-favicon.png\",\"width\":505,\"height\":248,\"caption\":\"Nou Mallorca\"},\"image\":{\"@id\":\"https:\/\/noumallorca.com\/#\/schema\/logo\/image\/\"}}]}<\/script>\n<!-- \/ Yoast SEO plugin. -->","yoast_head_json":{"title":"Projekte | Nou Mallorca | Wir bauen Tr\u00e4ume","description":"Einige unserer herausragenden Projekte, an denen wir mit viel Liebe und Leidenschaft gearbeitet haben und in die wir unsere ganze Hingabe ...","robots":{"index":"index","follow":"follow","max-snippet":"max-snippet:-1","max-image-preview":"max-image-preview:large","max-video-preview":"max-video-preview:-1"},"canonical":"https:\/\/noumallorca.com\/proyectos\/","og_locale":"de_DE","og_type":"article","og_title":"Projekte | Nou Mallorca | Wir bauen Tr\u00e4ume","og_description":"Einige unserer herausragenden Projekte, an denen wir mit viel Liebe und Leidenschaft gearbeitet haben und in die wir unsere ganze Hingabe ...","og_url":"https:\/\/noumallorca.com\/proyectos\/","og_site_name":"Nou Mallorca","article_modified_time":"2023-08-30T07:46:32+00:00","og_image":[{"width":1024,"height":1024,"url":"https:\/\/noumallorca.com\/wp-content\/uploads\/2023\/08\/Nou-Mallorca-Sa-Botigueta_8.jpg","type":"image\/jpeg"}],"twitter_card":"summary_large_image","twitter_misc":{"Gesch\u00e4tzte Lesezeit":"2\u00a0Minuten"},"schema":{"@context":"https:\/\/schema.org","@graph":[{"@type":"WebPage","@id":"https:\/\/noumallorca.com\/proyectos\/","url":"https:\/\/noumallorca.com\/proyectos\/","name":"Projekte | Nou Mallorca | Wir bauen Tr\u00e4ume","isPartOf":{"@id":"https:\/\/noumallorca.com\/#website"},"datePublished":"2017-05-31T06:27:05+00:00","dateModified":"2023-08-30T07:46:32+00:00","description":"Einige unserer herausragenden Projekte, an denen wir mit viel Liebe und Leidenschaft gearbeitet haben und in die wir unsere ganze Hingabe ...","breadcrumb":{"@id":"https:\/\/noumallorca.com\/proyectos\/#breadcrumb"},"inLanguage":"de","potentialAction":[{"@type":"ReadAction","target":["https:\/\/noumallorca.com\/proyectos\/"]}]},{"@type":"BreadcrumbList","@id":"https:\/\/noumallorca.com\/proyectos\/#breadcrumb","itemListElement":[{"@type":"ListItem","position":1,"name":"Portada","item":"https:\/\/noumallorca.com\/de\/"},{"@type":"ListItem","position":2,"name":"Projekte"}]},{"@type":"WebSite","@id":"https:\/\/noumallorca.com\/#website","url":"https:\/\/noumallorca.com\/","name":"Nou Mallorca","description":"Nou Mallorca","publisher":{"@id":"https:\/\/noumallorca.com\/#organization"},"alternateName":"Nou Mallorca","potentialAction":[{"@type":"SearchAction","target":{"@type":"EntryPoint","urlTemplate":"https:\/\/noumallorca.com\/?s={search_term_string}"},"query-input":"required name=search_term_string"}],"inLanguage":"de"},{"@type":"Organization","@id":"https:\/\/noumallorca.com\/#organization","name":"Nou Mallorca","alternateName":"Nou Mallorca","url":"https:\/\/noumallorca.com\/","logo":{"@type":"ImageObject","inLanguage":"de","@id":"https:\/\/noumallorca.com\/#\/schema\/logo\/image\/","url":"http:\/\/noumallorca.com\/wp-content\/uploads\/2023\/04\/Nou-Mallorca-net_ok-favicon.png","contentUrl":"http:\/\/noumallorca.com\/wp-content\/uploads\/2023\/04\/Nou-Mallorca-net_ok-favicon.png","width":505,"height":248,"caption":"Nou Mallorca"},"image":{"@id":"https:\/\/noumallorca.com\/#\/schema\/logo\/image\/"}}]}},"_links":{"self":[{"href":"https:\/\/noumallorca.com\/de\/wp-json\/wp\/v2\/pages\/1301","targetHints":{"allow":["GET"]}}],"collection":[{"href":"https:\/\/noumallorca.com\/de\/wp-json\/wp\/v2\/pages"}],"about":[{"href":"https:\/\/noumallorca.com\/de\/wp-json\/wp\/v2\/types\/page"}],"author":[{"embeddable":true,"href":"https:\/\/noumallorca.com\/de\/wp-json\/wp\/v2\/users\/1"}],"replies":[{"embeddable":true,"href":"https:\/\/noumallorca.com\/de\/wp-json\/wp\/v2\/comments?post=1301"}],"version-history":[{"count":14,"href":"https:\/\/noumallorca.com\/de\/wp-json\/wp\/v2\/pages\/1301\/revisions"}],"predecessor-version":[{"id":3301,"href":"https:\/\/noumallorca.com\/de\/wp-json\/wp\/v2\/pages\/1301\/revisions\/3301"}],"wp:featuredmedia":[{"embeddable":true,"href":"https:\/\/noumallorca.com\/de\/wp-json\/wp\/v2\/media\/2911"}],"wp:attachment":[{"href":"https:\/\/noumallorca.com\/de\/wp-json\/wp\/v2\/media?parent=1301"}],"curies":[{"name":"wp","href":"https:\/\/api.w.org\/{rel}","templated":true}]}}