{"id":1175,"date":"2023-04-18T09:44:26","date_gmt":"2023-04-18T07:44:26","guid":{"rendered":"http:\/\/noumallorca.com\/por-que-mallorca\/"},"modified":"2023-10-03T08:24:02","modified_gmt":"2023-10-03T06:24:02","slug":"mallorca","status":"publish","type":"page","link":"https:\/\/noumallorca.com\/de\/mallorca\/","title":{"rendered":"Warum Mallorca?"},"content":{"rendered":"<section class=\"wpb-content-wrapper\"><p>[vc_row full_width=&#8220;stretch_row&#8220;][vc_column][vc_empty_space alter_height=&#8220;medium&#8220; hide_on_mobile=&#8220;&#8220;]<div  id=\"sc_promo_2016175297\" \n\tclass=\"sc_promo align_text color_style_default sc_promo_default sc_promo_size_normal sc_promo_no_paddings sc_promo_image_position_right\"><div class=\"sc_promo_image\" style=\"width:50%;right: 0;\"><div class=\"slider_swiper_outer slider_style_default slider_outer_direction_horizontal slider_outer_controls slider_outer_controls_side slider_outer_pagination slider_outer_pagination_bullets slider_outer_pagination_pos_bottom slider_outer_notitles slider_outer_one\"><div class=\"slider_swiper swiper-slider-container slider_direction_horizontal slider_controls slider_controls_side slider_pagination slider_pagination_bullets slider_pagination_pos_bottom slider_notitles slider_one slider_noresize slider_height_auto slider_type_bg\" data-ratio=\"16:9\" data-interval=\"8796\" data-effect=\"slide\" data-pagination=\"bullets\" data-direction=\"horizontal\" data-slides-per-view=\"1\" data-slides-space=\"0\">\n\t\t\t\t\t\t<div class=\"swiper-wrapper\"><div  class=\"swiper-slide\" data-image=\"https:\/\/noumallorca.com\/wp-content\/uploads\/2023\/07\/felanitx-mallorca.jpg\" style=\"background-image:url(https:\/\/noumallorca.com\/wp-content\/uploads\/2023\/07\/felanitx-mallorca.jpg);\"><\/div><div  class=\"swiper-slide\" data-image=\"https:\/\/noumallorca.com\/wp-content\/uploads\/2023\/07\/cabecera-son-servera.jpg\" style=\"background-image:url(https:\/\/noumallorca.com\/wp-content\/uploads\/2023\/07\/cabecera-son-servera.jpg);\"><\/div><div  class=\"swiper-slide\" data-image=\"https:\/\/noumallorca.com\/wp-content\/uploads\/2023\/07\/cabecera-porreras.jpg\" style=\"background-image:url(https:\/\/noumallorca.com\/wp-content\/uploads\/2023\/07\/cabecera-porreras.jpg);\"><\/div><\/div><!-- \/.swiper-wripper --><div class=\"slider_controls_wrap\"><a class=\"slider_prev swiper-button-prev\" href=\"#\"><\/a><a class=\"slider_next swiper-button-next\" href=\"#\"><\/a><\/div><div class=\"slider_pagination_wrap swiper-pagination\"><\/div><\/div><!-- \/.slider_swiper --><\/div><!-- \/.slider_swiper_outer --><div class=\"sc_promo_button_on_image\"><a href=\"\/projects\/\" id=\"sc_button_322210288\" class=\"sc_button color_style_default sc_button_simple sc_item_button sc_item_button_simple sc_promo_button sc_button_size_normal sc_button_icon_left\"><span class=\"sc_button_text\"><span class=\"sc_button_title\">More projects<\/span><\/span><!-- \/.sc_button_text --><\/a><!-- \/.sc_button --><\/div><\/div><div class=\"sc_promo_text\" style=\"width: 50%;float: left;\">\n\t\t\t<div class=\"sc_promo_text_inner sc_content_width_50%\" style=\"\"><h2 class=\"sc_item_title sc_promo_title sc_align_left sc_item_title_style_default sc_item_title_tag\">Waurum Mallorca?<\/h2><div class=\"sc_item_descr sc_promo_descr sc_align_left\"><p>Nur wenige Orte vereinen Eleganz, Ruhe und Schlichtheit so wie Mallorca. Vom Mittelmeer verw\u00f6hnt und bewacht, besitzt Mallorca jenen Zauber, der uns unweigerlich gefangen nimmt, mit seiner Brise umschmeichelt und mit einem wunderbaren Licht liebkost, das die Insel zu einem der beliebtesten Reiseziele f\u00fcr Touristen aus aller Welt gemacht hat. Mallorca ist der perfekte Ort, um unser Projekt zu starten, ein traumhafter Ort, an dem es noch viel zu entdecken gibt.<br \/>\nDomingo und Xavi haben sich in die Insel Mallorca verliebt, und das Projekt Nou Mallorca entsteht aus der Liebe und der Achtung f\u00fcr diese Insel, dieses Paradies von \u00fcberw\u00e4ltigender Sch\u00f6nheit, die sie in jedem ihrer Projekte festhalten und wiedergeben m\u00f6chten.<\/p>\n<\/div><\/div>\n\t\t<\/div><!-- \/.sc_promo_text --><\/div><!-- \/.sc_promo -->[\/vc_column][\/vc_row]<\/p>\n<\/section>","protected":false},"excerpt":{"rendered":"<p>[vc_row full_width=&#8220;stretch_row&#8220;][vc_column][vc_empty_space alter_height=&#8220;medium&#8220; hide_on_mobile=&#8220;&#8220;][\/vc_column][\/vc_row]<\/p>\n","protected":false},"author":1,"featured_media":2919,"parent":0,"menu_order":0,"comment_status":"closed","ping_status":"closed","template":"","meta":{"footnotes":""},"class_list":["post-1175","page","type-page","status-publish","has-post-thumbnail","hentry"],"yoast_head":"<!-- This site is optimized with the Yoast SEO plugin v20.13 - https:\/\/yoast.com\/wordpress\/plugins\/seo\/ -->\n<title>Warum Mallorca? | Nou Mallorca | Wir bauen Tr\u00e4ume<\/title>\n<meta name=\"description\" content=\"Nur wenige Orte strahlen die Eleganz, Ruhe und Einfachheit von Mallorca aus. Verw\u00f6hnt und bewacht von den Wellen des Mittelmeers ...\" \/>\n<meta name=\"robots\" content=\"index, follow, max-snippet:-1, max-image-preview:large, max-video-preview:-1\" \/>\n<link rel=\"canonical\" href=\"https:\/\/noumallorca.com\/mallorca\/\" \/>\n<meta property=\"og:locale\" content=\"de_DE\" \/>\n<meta property=\"og:type\" content=\"article\" \/>\n<meta property=\"og:title\" content=\"Warum Mallorca? | Nou Mallorca | Wir bauen Tr\u00e4ume\" \/>\n<meta property=\"og:description\" content=\"Nur wenige Orte strahlen die Eleganz, Ruhe und Einfachheit von Mallorca aus. Verw\u00f6hnt und bewacht von den Wellen des Mittelmeers ...\" \/>\n<meta property=\"og:url\" content=\"https:\/\/noumallorca.com\/mallorca\/\" \/>\n<meta property=\"og:site_name\" content=\"Nou Mallorca\" \/>\n<meta property=\"article:modified_time\" content=\"2023-10-03T06:24:02+00:00\" \/>\n<meta property=\"og:image\" content=\"https:\/\/noumallorca.com\/wp-content\/uploads\/2023\/08\/Nou-Mallorca-Sa-Botigueta_8.jpg\" \/>\n\t<meta property=\"og:image:width\" content=\"1024\" \/>\n\t<meta property=\"og:image:height\" content=\"1024\" \/>\n\t<meta property=\"og:image:type\" content=\"image\/jpeg\" \/>\n<meta name=\"twitter:card\" content=\"summary_large_image\" \/>\n<meta name=\"twitter:label1\" content=\"Gesch\u00e4tzte Lesezeit\" \/>\n\t<meta name=\"twitter:data1\" content=\"1\u00a0Minute\" \/>\n<script type=\"application\/ld+json\" class=\"yoast-schema-graph\">{\"@context\":\"https:\/\/schema.org\",\"@graph\":[{\"@type\":\"WebPage\",\"@id\":\"https:\/\/noumallorca.com\/mallorca\/\",\"url\":\"https:\/\/noumallorca.com\/mallorca\/\",\"name\":\"Warum Mallorca? | Nou Mallorca | Wir bauen Tr\u00e4ume\",\"isPartOf\":{\"@id\":\"https:\/\/noumallorca.com\/#website\"},\"datePublished\":\"2023-04-18T07:44:26+00:00\",\"dateModified\":\"2023-10-03T06:24:02+00:00\",\"description\":\"Nur wenige Orte strahlen die Eleganz, Ruhe und Einfachheit von Mallorca aus. Verw\u00f6hnt und bewacht von den Wellen des Mittelmeers ...\",\"breadcrumb\":{\"@id\":\"https:\/\/noumallorca.com\/mallorca\/#breadcrumb\"},\"inLanguage\":\"de\",\"potentialAction\":[{\"@type\":\"ReadAction\",\"target\":[\"https:\/\/noumallorca.com\/mallorca\/\"]}]},{\"@type\":\"BreadcrumbList\",\"@id\":\"https:\/\/noumallorca.com\/mallorca\/#breadcrumb\",\"itemListElement\":[{\"@type\":\"ListItem\",\"position\":1,\"name\":\"Portada\",\"item\":\"https:\/\/noumallorca.com\/de\/\"},{\"@type\":\"ListItem\",\"position\":2,\"name\":\"Warum Mallorca?\"}]},{\"@type\":\"WebSite\",\"@id\":\"https:\/\/noumallorca.com\/#website\",\"url\":\"https:\/\/noumallorca.com\/\",\"name\":\"Nou Mallorca\",\"description\":\"Nou Mallorca\",\"publisher\":{\"@id\":\"https:\/\/noumallorca.com\/#organization\"},\"alternateName\":\"Nou Mallorca\",\"potentialAction\":[{\"@type\":\"SearchAction\",\"target\":{\"@type\":\"EntryPoint\",\"urlTemplate\":\"https:\/\/noumallorca.com\/?s={search_term_string}\"},\"query-input\":\"required name=search_term_string\"}],\"inLanguage\":\"de\"},{\"@type\":\"Organization\",\"@id\":\"https:\/\/noumallorca.com\/#organization\",\"name\":\"Nou Mallorca\",\"alternateName\":\"Nou Mallorca\",\"url\":\"https:\/\/noumallorca.com\/\",\"logo\":{\"@type\":\"ImageObject\",\"inLanguage\":\"de\",\"@id\":\"https:\/\/noumallorca.com\/#\/schema\/logo\/image\/\",\"url\":\"http:\/\/noumallorca.com\/wp-content\/uploads\/2023\/04\/Nou-Mallorca-net_ok-favicon.png\",\"contentUrl\":\"http:\/\/noumallorca.com\/wp-content\/uploads\/2023\/04\/Nou-Mallorca-net_ok-favicon.png\",\"width\":505,\"height\":248,\"caption\":\"Nou Mallorca\"},\"image\":{\"@id\":\"https:\/\/noumallorca.com\/#\/schema\/logo\/image\/\"}}]}<\/script>\n<!-- \/ Yoast SEO plugin. -->","yoast_head_json":{"title":"Warum Mallorca? | Nou Mallorca | Wir bauen Tr\u00e4ume","description":"Nur wenige Orte strahlen die Eleganz, Ruhe und Einfachheit von Mallorca aus. Verw\u00f6hnt und bewacht von den Wellen des Mittelmeers ...","robots":{"index":"index","follow":"follow","max-snippet":"max-snippet:-1","max-image-preview":"max-image-preview:large","max-video-preview":"max-video-preview:-1"},"canonical":"https:\/\/noumallorca.com\/mallorca\/","og_locale":"de_DE","og_type":"article","og_title":"Warum Mallorca? | Nou Mallorca | Wir bauen Tr\u00e4ume","og_description":"Nur wenige Orte strahlen die Eleganz, Ruhe und Einfachheit von Mallorca aus. Verw\u00f6hnt und bewacht von den Wellen des Mittelmeers ...","og_url":"https:\/\/noumallorca.com\/mallorca\/","og_site_name":"Nou Mallorca","article_modified_time":"2023-10-03T06:24:02+00:00","og_image":[{"width":1024,"height":1024,"url":"https:\/\/noumallorca.com\/wp-content\/uploads\/2023\/08\/Nou-Mallorca-Sa-Botigueta_8.jpg","type":"image\/jpeg"}],"twitter_card":"summary_large_image","twitter_misc":{"Gesch\u00e4tzte Lesezeit":"1\u00a0Minute"},"schema":{"@context":"https:\/\/schema.org","@graph":[{"@type":"WebPage","@id":"https:\/\/noumallorca.com\/mallorca\/","url":"https:\/\/noumallorca.com\/mallorca\/","name":"Warum Mallorca? | Nou Mallorca | Wir bauen Tr\u00e4ume","isPartOf":{"@id":"https:\/\/noumallorca.com\/#website"},"datePublished":"2023-04-18T07:44:26+00:00","dateModified":"2023-10-03T06:24:02+00:00","description":"Nur wenige Orte strahlen die Eleganz, Ruhe und Einfachheit von Mallorca aus. Verw\u00f6hnt und bewacht von den Wellen des Mittelmeers ...","breadcrumb":{"@id":"https:\/\/noumallorca.com\/mallorca\/#breadcrumb"},"inLanguage":"de","potentialAction":[{"@type":"ReadAction","target":["https:\/\/noumallorca.com\/mallorca\/"]}]},{"@type":"BreadcrumbList","@id":"https:\/\/noumallorca.com\/mallorca\/#breadcrumb","itemListElement":[{"@type":"ListItem","position":1,"name":"Portada","item":"https:\/\/noumallorca.com\/de\/"},{"@type":"ListItem","position":2,"name":"Warum Mallorca?"}]},{"@type":"WebSite","@id":"https:\/\/noumallorca.com\/#website","url":"https:\/\/noumallorca.com\/","name":"Nou Mallorca","description":"Nou Mallorca","publisher":{"@id":"https:\/\/noumallorca.com\/#organization"},"alternateName":"Nou Mallorca","potentialAction":[{"@type":"SearchAction","target":{"@type":"EntryPoint","urlTemplate":"https:\/\/noumallorca.com\/?s={search_term_string}"},"query-input":"required name=search_term_string"}],"inLanguage":"de"},{"@type":"Organization","@id":"https:\/\/noumallorca.com\/#organization","name":"Nou Mallorca","alternateName":"Nou Mallorca","url":"https:\/\/noumallorca.com\/","logo":{"@type":"ImageObject","inLanguage":"de","@id":"https:\/\/noumallorca.com\/#\/schema\/logo\/image\/","url":"http:\/\/noumallorca.com\/wp-content\/uploads\/2023\/04\/Nou-Mallorca-net_ok-favicon.png","contentUrl":"http:\/\/noumallorca.com\/wp-content\/uploads\/2023\/04\/Nou-Mallorca-net_ok-favicon.png","width":505,"height":248,"caption":"Nou Mallorca"},"image":{"@id":"https:\/\/noumallorca.com\/#\/schema\/logo\/image\/"}}]}},"_links":{"self":[{"href":"https:\/\/noumallorca.com\/de\/wp-json\/wp\/v2\/pages\/1175","targetHints":{"allow":["GET"]}}],"collection":[{"href":"https:\/\/noumallorca.com\/de\/wp-json\/wp\/v2\/pages"}],"about":[{"href":"https:\/\/noumallorca.com\/de\/wp-json\/wp\/v2\/types\/page"}],"author":[{"embeddable":true,"href":"https:\/\/noumallorca.com\/de\/wp-json\/wp\/v2\/users\/1"}],"replies":[{"embeddable":true,"href":"https:\/\/noumallorca.com\/de\/wp-json\/wp\/v2\/comments?post=1175"}],"version-history":[{"count":47,"href":"https:\/\/noumallorca.com\/de\/wp-json\/wp\/v2\/pages\/1175\/revisions"}],"predecessor-version":[{"id":3581,"href":"https:\/\/noumallorca.com\/de\/wp-json\/wp\/v2\/pages\/1175\/revisions\/3581"}],"wp:featuredmedia":[{"embeddable":true,"href":"https:\/\/noumallorca.com\/de\/wp-json\/wp\/v2\/media\/2919"}],"wp:attachment":[{"href":"https:\/\/noumallorca.com\/de\/wp-json\/wp\/v2\/media?parent=1175"}],"curies":[{"name":"wp","href":"https:\/\/api.w.org\/{rel}","templated":true}]}}